{"id":1330,"date":"2025-02-11T22:14:56","date_gmt":"2025-02-11T22:14:56","guid":{"rendered":"https:\/\/www.testystronadlakazdego.pl\/?page_id=1330"},"modified":"2025-04-27T20:47:08","modified_gmt":"2025-04-27T20:47:08","slug":"xxi-walny-sprawozdawczy-zjazd-delegatow","status":"publish","type":"page","link":"https:\/\/www.szs-kamien.pl\/?page_id=1330","title":{"rendered":"XXI Walny Sprawozdawczy Zjazd Delegat\u00f3w"},"content":{"rendered":"\t\t<div data-elementor-type=\"wp-page\" data-elementor-id=\"1330\" class=\"elementor elementor-1330\" data-elementor-post-type=\"page\">\n\t\t\t\t\t\t<section class=\"elementor-section elementor-top-section elementor-element elementor-element-24fd1460 elementor-section-boxed elementor-section-height-default elementor-section-height-default\" data-id=\"24fd1460\" data-element_type=\"section\" data-e-type=\"section\">\n\t\t\t\t\t\t<div class=\"elementor-container elementor-column-gap-default\">\n\t\t\t\t\t<div class=\"elementor-column elementor-col-100 elementor-top-column elementor-element elementor-element-10b78898\" data-id=\"10b78898\" data-element_type=\"column\" data-e-type=\"column\">\n\t\t\t<div class=\"elementor-widget-wrap elementor-element-populated\">\n\t\t\t\t\t\t<div class=\"elementor-element elementor-element-42c204f3 elementor-widget elementor-widget-heading\" data-id=\"42c204f3\" data-element_type=\"widget\" data-e-type=\"widget\" data-widget_type=\"heading.default\">\n\t\t\t\t<div class=\"elementor-widget-container\">\n\t\t\t\t\t<h2 class=\"elementor-heading-title elementor-size-default\">VI Walny Zjazd Delegat\u00f3w <\/h2>\t\t\t\t<\/div>\n\t\t\t\t<\/div>\n\t\t\t\t\t<\/div>\n\t\t<\/div>\n\t\t\t\t\t<\/div>\n\t\t<\/section>\n\t\t\t\t<section class=\"elementor-section elementor-top-section elementor-element elementor-element-7e55d881 elementor-section-boxed elementor-section-height-default elementor-section-height-default\" data-id=\"7e55d881\" data-element_type=\"section\" data-e-type=\"section\">\n\t\t\t\t\t\t<div class=\"elementor-container elementor-column-gap-default\">\n\t\t\t\t\t<div class=\"elementor-column elementor-col-50 elementor-top-column elementor-element elementor-element-6e6da1aa\" data-id=\"6e6da1aa\" data-element_type=\"column\" data-e-type=\"column\">\n\t\t\t<div class=\"elementor-widget-wrap elementor-element-populated\">\n\t\t\t\t\t\t<section class=\"elementor-section elementor-inner-section elementor-element elementor-element-5972544b elementor-section-boxed elementor-section-height-default elementor-section-height-default\" data-id=\"5972544b\" data-element_type=\"section\" data-e-type=\"section\" data-settings=\"{&quot;background_background&quot;:&quot;classic&quot;}\">\n\t\t\t\t\t\t<div class=\"elementor-container elementor-column-gap-default\">\n\t\t\t\t\t<div class=\"elementor-column elementor-col-16 elementor-inner-column elementor-element elementor-element-6a5243af\" data-id=\"6a5243af\" data-element_type=\"column\" data-e-type=\"column\">\n\t\t\t<div class=\"elementor-widget-wrap elementor-element-populated\">\n\t\t\t\t\t\t<div class=\"elementor-element elementor-element-578a0b2f elementor-view-default elementor-widget elementor-widget-icon\" data-id=\"578a0b2f\" data-element_type=\"widget\" data-e-type=\"widget\" data-widget_type=\"icon.default\">\n\t\t\t\t<div class=\"elementor-widget-container\">\n\t\t\t\t\t\t\t<div class=\"elementor-icon-wrapper\">\n\t\t\t<div class=\"elementor-icon\">\n\t\t\t<i aria-hidden=\"true\" class=\"fas fa-paperclip\"><\/i>\t\t\t<\/div>\n\t\t<\/div>\n\t\t\t\t\t\t<\/div>\n\t\t\t\t<\/div>\n\t\t\t\t\t<\/div>\n\t\t<\/div>\n\t\t\t\t<div class=\"elementor-column elementor-col-66 elementor-inner-column elementor-element elementor-element-a88ffc6\" data-id=\"a88ffc6\" data-element_type=\"column\" data-e-type=\"column\">\n\t\t\t<div class=\"elementor-widget-wrap elementor-element-populated\">\n\t\t\t\t\t\t<div class=\"elementor-element elementor-element-57405d2f elementor-widget elementor-widget-heading\" data-id=\"57405d2f\" data-element_type=\"widget\" data-e-type=\"widget\" data-widget_type=\"heading.default\">\n\t\t\t\t<div class=\"elementor-widget-container\">\n\t\t\t\t\t<h2 class=\"elementor-heading-title elementor-size-default\">Regulamin obrad<\/h2>\t\t\t\t<\/div>\n\t\t\t\t<\/div>\n\t\t\t\t\t<\/div>\n\t\t<\/div>\n\t\t\t\t<div class=\"elementor-column elementor-col-16 elementor-inner-column elementor-element elementor-element-56a533f4\" data-id=\"56a533f4\" data-element_type=\"column\" data-e-type=\"column\">\n\t\t\t<div class=\"elementor-widget-wrap elementor-element-populated\">\n\t\t\t\t\t\t<div class=\"elementor-element elementor-element-2708dbae elementor-widget__width-initial elementor-view-default elementor-widget elementor-widget-icon\" data-id=\"2708dbae\" data-element_type=\"widget\" data-e-type=\"widget\" data-widget_type=\"icon.default\">\n\t\t\t\t<div class=\"elementor-widget-container\">\n\t\t\t\t\t\t\t<div class=\"elementor-icon-wrapper\">\n\t\t\t<div class=\"elementor-icon\">\n\t\t\t<svg xmlns=\"http:\/\/www.w3.org\/2000\/svg\" width=\"512.000000pt\" height=\"512.000000pt\" viewBox=\"0 0 512.000000 512.000000\" preserveAspectRatio=\"xMidYMid meet\"><g transform=\"translate(0.000000,512.000000) scale(0.100000,-0.100000)\" fill=\"#000000\" stroke=\"none\"><path d=\"M2492 4897 c-50 -19 -102 -65 -123 -111 -18 -40 -19 -106 -19 -1941 l0 -1900 -362 362 c-378 377 -409 402 -489 403 -84 0 -159 -47 -195 -124 -29 -62 -30 -117 -3 -176 27 -61 1103 -1140 1167 -1172 57 -27 136 -27 188 0 23 12 274 256 605 589 521 523 567 572 579 615 40 152 -106 303 -259 266 -42 -10 -76 -40 -421 -384 -207 -206 -379 -374 -383 -374 -4 0 -7 855 -7 1900 0 1862 0 1902 -19 1939 -50 97 -161 143 -259 108z\"><\/path><\/g><\/svg>\t\t\t<\/div>\n\t\t<\/div>\n\t\t\t\t\t\t<\/div>\n\t\t\t\t<\/div>\n\t\t\t\t\t<\/div>\n\t\t<\/div>\n\t\t\t\t\t<\/div>\n\t\t<\/section>\n\t\t\t\t\t<\/div>\n\t\t<\/div>\n\t\t\t\t<div class=\"elementor-column elementor-col-50 elementor-top-column elementor-element elementor-element-87fd336\" data-id=\"87fd336\" data-element_type=\"column\" data-e-type=\"column\">\n\t\t\t<div class=\"elementor-widget-wrap elementor-element-populated\">\n\t\t\t\t\t\t<div class=\"elementor-section elementor-inner-section elementor-element elementor-element-53768ba5 elementor-section-boxed elementor-section-height-default elementor-section-height-default\" data-id=\"53768ba5\" data-element_type=\"section\" data-e-type=\"section\" data-settings=\"{&quot;background_background&quot;:&quot;classic&quot;}\">\n\t\t\t\t\t\t<div class=\"elementor-container elementor-column-gap-default\">\n\t\t\t\t\t<div class=\"elementor-column elementor-col-16 elementor-inner-column elementor-element elementor-element-436d965c\" data-id=\"436d965c\" data-element_type=\"column\" data-e-type=\"column\">\n\t\t\t<div class=\"elementor-widget-wrap elementor-element-populated\">\n\t\t\t\t\t\t<div class=\"elementor-element elementor-element-f74f196 elementor-view-default elementor-widget elementor-widget-icon\" data-id=\"f74f196\" data-element_type=\"widget\" data-e-type=\"widget\" data-widget_type=\"icon.default\">\n\t\t\t\t<div class=\"elementor-widget-container\">\n\t\t\t\t\t\t\t<div class=\"elementor-icon-wrapper\">\n\t\t\t<a class=\"elementor-icon\" href=\"https:\/\/drive.google.com\/file\/d\/1rUyz4LUDb_Az8Q4VJqPyr8_YGENmRwN2\/view?usp=sharing#new_tab\" rel=\"nofollow\">\n\t\t\t<i aria-hidden=\"true\" class=\"fas fa-paperclip\"><\/i>\t\t\t<\/a>\n\t\t<\/div>\n\t\t\t\t\t\t<\/div>\n\t\t\t\t<\/div>\n\t\t\t\t\t<\/div>\n\t\t<\/div>\n\t\t\t\t<div class=\"elementor-column elementor-col-66 elementor-inner-column elementor-element elementor-element-5c69065d\" data-id=\"5c69065d\" data-element_type=\"column\" data-e-type=\"column\">\n\t\t\t<div class=\"elementor-widget-wrap elementor-element-populated\">\n\t\t\t\t\t\t<div class=\"elementor-element elementor-element-293cd164 elementor-widget elementor-widget-heading\" data-id=\"293cd164\" data-element_type=\"widget\" data-e-type=\"widget\" data-widget_type=\"heading.default\">\n\t\t\t\t<div class=\"elementor-widget-container\">\n\t\t\t\t\t<h2 class=\"elementor-heading-title elementor-size-default\">Regulamin wybor\u00f3w<\/h2>\t\t\t\t<\/div>\n\t\t\t\t<\/div>\n\t\t\t\t\t<\/div>\n\t\t<\/div>\n\t\t\t\t<div class=\"elementor-column elementor-col-16 elementor-inner-column elementor-element elementor-element-777275ce\" data-id=\"777275ce\" data-element_type=\"column\" data-e-type=\"column\">\n\t\t\t<div class=\"elementor-widget-wrap elementor-element-populated\">\n\t\t\t\t\t\t<div class=\"elementor-element elementor-element-1d00826c elementor-widget__width-initial elementor-view-default elementor-widget elementor-widget-icon\" data-id=\"1d00826c\" data-element_type=\"widget\" data-e-type=\"widget\" data-widget_type=\"icon.default\">\n\t\t\t\t<div class=\"elementor-widget-container\">\n\t\t\t\t\t\t\t<div class=\"elementor-icon-wrapper\">\n\t\t\t<div class=\"elementor-icon\">\n\t\t\t<svg xmlns=\"http:\/\/www.w3.org\/2000\/svg\" width=\"512.000000pt\" height=\"512.000000pt\" viewBox=\"0 0 512.000000 512.000000\" preserveAspectRatio=\"xMidYMid meet\"><g transform=\"translate(0.000000,512.000000) scale(0.100000,-0.100000)\" fill=\"#000000\" stroke=\"none\"><path d=\"M2492 4897 c-50 -19 -102 -65 -123 -111 -18 -40 -19 -106 -19 -1941 l0 -1900 -362 362 c-378 377 -409 402 -489 403 -84 0 -159 -47 -195 -124 -29 -62 -30 -117 -3 -176 27 -61 1103 -1140 1167 -1172 57 -27 136 -27 188 0 23 12 274 256 605 589 521 523 567 572 579 615 40 152 -106 303 -259 266 -42 -10 -76 -40 -421 -384 -207 -206 -379 -374 -383 -374 -4 0 -7 855 -7 1900 0 1862 0 1902 -19 1939 -50 97 -161 143 -259 108z\"><\/path><\/g><\/svg>\t\t\t<\/div>\n\t\t<\/div>\n\t\t\t\t\t\t<\/div>\n\t\t\t\t<\/div>\n\t\t\t\t\t<\/div>\n\t\t<\/div>\n\t\t\t\t\t<\/div>\n\t\t<\/div>\n\t\t\t\t\t<\/div>\n\t\t<\/div>\n\t\t\t\t\t<\/div>\n\t\t<\/section>\n\t\t\t\t<section class=\"elementor-section elementor-top-section elementor-element elementor-element-5531d01c elementor-section-boxed elementor-section-height-default elementor-section-height-default\" data-id=\"5531d01c\" data-element_type=\"section\" data-e-type=\"section\">\n\t\t\t\t\t\t<div class=\"elementor-container elementor-column-gap-default\">\n\t\t\t\t\t<div class=\"elementor-column elementor-col-50 elementor-top-column elementor-element elementor-element-75b5ed65\" data-id=\"75b5ed65\" data-element_type=\"column\" data-e-type=\"column\">\n\t\t\t<div class=\"elementor-widget-wrap elementor-element-populated\">\n\t\t\t\t\t\t<section class=\"elementor-section elementor-inner-section elementor-element elementor-element-2b8988ea elementor-section-boxed elementor-section-height-default elementor-section-height-default\" data-id=\"2b8988ea\" data-element_type=\"section\" data-e-type=\"section\" data-settings=\"{&quot;background_background&quot;:&quot;classic&quot;}\">\n\t\t\t\t\t\t<div class=\"elementor-container elementor-column-gap-default\">\n\t\t\t\t\t<div class=\"elementor-column elementor-col-16 elementor-inner-column elementor-element elementor-element-56e0c8e5\" data-id=\"56e0c8e5\" data-element_type=\"column\" data-e-type=\"column\">\n\t\t\t<div class=\"elementor-widget-wrap elementor-element-populated\">\n\t\t\t\t\t\t<div class=\"elementor-element elementor-element-3ba0a8e elementor-view-default elementor-widget elementor-widget-icon\" data-id=\"3ba0a8e\" data-element_type=\"widget\" data-e-type=\"widget\" data-widget_type=\"icon.default\">\n\t\t\t\t<div class=\"elementor-widget-container\">\n\t\t\t\t\t\t\t<div class=\"elementor-icon-wrapper\">\n\t\t\t<div class=\"elementor-icon\">\n\t\t\t<i aria-hidden=\"true\" class=\"fas fa-paperclip\"><\/i>\t\t\t<\/div>\n\t\t<\/div>\n\t\t\t\t\t\t<\/div>\n\t\t\t\t<\/div>\n\t\t\t\t\t<\/div>\n\t\t<\/div>\n\t\t\t\t<div class=\"elementor-column elementor-col-66 elementor-inner-column elementor-element elementor-element-1234c63a\" data-id=\"1234c63a\" data-element_type=\"column\" data-e-type=\"column\">\n\t\t\t<div class=\"elementor-widget-wrap elementor-element-populated\">\n\t\t\t\t\t\t<div class=\"elementor-element elementor-element-29de262a elementor-widget elementor-widget-heading\" data-id=\"29de262a\" data-element_type=\"widget\" data-e-type=\"widget\" data-widget_type=\"heading.default\">\n\t\t\t\t<div class=\"elementor-widget-container\">\n\t\t\t\t\t<h2 class=\"elementor-heading-title elementor-size-default\">Porz\u0105dek obrad<\/h2>\t\t\t\t<\/div>\n\t\t\t\t<\/div>\n\t\t\t\t\t<\/div>\n\t\t<\/div>\n\t\t\t\t<div class=\"elementor-column elementor-col-16 elementor-inner-column elementor-element elementor-element-4327d92c\" data-id=\"4327d92c\" data-element_type=\"column\" data-e-type=\"column\">\n\t\t\t<div class=\"elementor-widget-wrap elementor-element-populated\">\n\t\t\t\t\t\t<div class=\"elementor-element elementor-element-2cd24743 elementor-widget__width-initial elementor-view-default elementor-widget elementor-widget-icon\" data-id=\"2cd24743\" data-element_type=\"widget\" data-e-type=\"widget\" data-widget_type=\"icon.default\">\n\t\t\t\t<div class=\"elementor-widget-container\">\n\t\t\t\t\t\t\t<div class=\"elementor-icon-wrapper\">\n\t\t\t<div class=\"elementor-icon\">\n\t\t\t<svg xmlns=\"http:\/\/www.w3.org\/2000\/svg\" width=\"512.000000pt\" height=\"512.000000pt\" viewBox=\"0 0 512.000000 512.000000\" preserveAspectRatio=\"xMidYMid meet\"><g transform=\"translate(0.000000,512.000000) scale(0.100000,-0.100000)\" fill=\"#000000\" stroke=\"none\"><path d=\"M2492 4897 c-50 -19 -102 -65 -123 -111 -18 -40 -19 -106 -19 -1941 l0 -1900 -362 362 c-378 377 -409 402 -489 403 -84 0 -159 -47 -195 -124 -29 -62 -30 -117 -3 -176 27 -61 1103 -1140 1167 -1172 57 -27 136 -27 188 0 23 12 274 256 605 589 521 523 567 572 579 615 40 152 -106 303 -259 266 -42 -10 -76 -40 -421 -384 -207 -206 -379 -374 -383 -374 -4 0 -7 855 -7 1900 0 1862 0 1902 -19 1939 -50 97 -161 143 -259 108z\"><\/path><\/g><\/svg>\t\t\t<\/div>\n\t\t<\/div>\n\t\t\t\t\t\t<\/div>\n\t\t\t\t<\/div>\n\t\t\t\t\t<\/div>\n\t\t<\/div>\n\t\t\t\t\t<\/div>\n\t\t<\/section>\n\t\t\t\t\t<\/div>\n\t\t<\/div>\n\t\t\t\t<div class=\"elementor-column elementor-col-50 elementor-top-column elementor-element elementor-element-5aa54084\" data-id=\"5aa54084\" data-element_type=\"column\" data-e-type=\"column\">\n\t\t\t<div class=\"elementor-widget-wrap elementor-element-populated\">\n\t\t\t\t\t\t<div class=\"elementor-section elementor-inner-section elementor-element elementor-element-4fb9b11d elementor-section-boxed elementor-section-height-default elementor-section-height-default\" data-id=\"4fb9b11d\" data-element_type=\"section\" data-e-type=\"section\" data-settings=\"{&quot;background_background&quot;:&quot;classic&quot;}\">\n\t\t\t\t\t\t<div class=\"elementor-container elementor-column-gap-default\">\n\t\t\t\t\t<div class=\"elementor-column elementor-col-16 elementor-inner-column elementor-element elementor-element-142c177e\" data-id=\"142c177e\" data-element_type=\"column\" data-e-type=\"column\">\n\t\t\t<div class=\"elementor-widget-wrap elementor-element-populated\">\n\t\t\t\t\t\t<div class=\"elementor-element elementor-element-4568dc96 elementor-view-default elementor-widget elementor-widget-icon\" data-id=\"4568dc96\" data-element_type=\"widget\" data-e-type=\"widget\" data-widget_type=\"icon.default\">\n\t\t\t\t<div class=\"elementor-widget-container\">\n\t\t\t\t\t\t\t<div class=\"elementor-icon-wrapper\">\n\t\t\t<a class=\"elementor-icon\" href=\"https:\/\/drive.google.com\/file\/d\/1AuDPfbzQYlEymKHI95N76GbmdAZhW7pn\/view?usp=sharing#new_tab\" rel=\"nofollow\">\n\t\t\t<i aria-hidden=\"true\" class=\"fas fa-paperclip\"><\/i>\t\t\t<\/a>\n\t\t<\/div>\n\t\t\t\t\t\t<\/div>\n\t\t\t\t<\/div>\n\t\t\t\t\t<\/div>\n\t\t<\/div>\n\t\t\t\t<div class=\"elementor-column elementor-col-66 elementor-inner-column elementor-element elementor-element-d74f73f\" data-id=\"d74f73f\" data-element_type=\"column\" data-e-type=\"column\">\n\t\t\t<div class=\"elementor-widget-wrap elementor-element-populated\">\n\t\t\t\t\t\t<div class=\"elementor-element elementor-element-14a08706 elementor-widget elementor-widget-heading\" data-id=\"14a08706\" data-element_type=\"widget\" data-e-type=\"widget\" data-widget_type=\"heading.default\">\n\t\t\t\t<div class=\"elementor-widget-container\">\n\t\t\t\t\t<h2 class=\"elementor-heading-title elementor-size-default\">Strategia SZS na lata 2020-2024<\/h2>\t\t\t\t<\/div>\n\t\t\t\t<\/div>\n\t\t\t\t\t<\/div>\n\t\t<\/div>\n\t\t\t\t<div class=\"elementor-column elementor-col-16 elementor-inner-column elementor-element elementor-element-2e77074a\" data-id=\"2e77074a\" data-element_type=\"column\" data-e-type=\"column\">\n\t\t\t<div class=\"elementor-widget-wrap elementor-element-populated\">\n\t\t\t\t\t\t<div class=\"elementor-element elementor-element-2e4fa6df elementor-widget__width-initial elementor-view-default elementor-widget elementor-widget-icon\" data-id=\"2e4fa6df\" data-element_type=\"widget\" data-e-type=\"widget\" data-widget_type=\"icon.default\">\n\t\t\t\t<div class=\"elementor-widget-container\">\n\t\t\t\t\t\t\t<div class=\"elementor-icon-wrapper\">\n\t\t\t<div class=\"elementor-icon\">\n\t\t\t<svg xmlns=\"http:\/\/www.w3.org\/2000\/svg\" width=\"512.000000pt\" height=\"512.000000pt\" viewBox=\"0 0 512.000000 512.000000\" preserveAspectRatio=\"xMidYMid meet\"><g transform=\"translate(0.000000,512.000000) scale(0.100000,-0.100000)\" fill=\"#000000\" stroke=\"none\"><path d=\"M2492 4897 c-50 -19 -102 -65 -123 -111 -18 -40 -19 -106 -19 -1941 l0 -1900 -362 362 c-378 377 -409 402 -489 403 -84 0 -159 -47 -195 -124 -29 -62 -30 -117 -3 -176 27 -61 1103 -1140 1167 -1172 57 -27 136 -27 188 0 23 12 274 256 605 589 521 523 567 572 579 615 40 152 -106 303 -259 266 -42 -10 -76 -40 -421 -384 -207 -206 -379 -374 -383 -374 -4 0 -7 855 -7 1900 0 1862 0 1902 -19 1939 -50 97 -161 143 -259 108z\"><\/path><\/g><\/svg>\t\t\t<\/div>\n\t\t<\/div>\n\t\t\t\t\t\t<\/div>\n\t\t\t\t<\/div>\n\t\t\t\t\t<\/div>\n\t\t<\/div>\n\t\t\t\t\t<\/div>\n\t\t<\/div>\n\t\t\t\t\t<\/div>\n\t\t<\/div>\n\t\t\t\t\t<\/div>\n\t\t<\/section>\n\t\t\t\t<\/div>\n\t\t","protected":false},"excerpt":{"rendered":"<p>VI Walny Zjazd Delegat\u00f3w Regulamin obrad Regulamin wybor\u00f3w Porz\u0105dek obrad Strategia SZS na lata 2020-2024<\/p>\n","protected":false},"author":1,"featured_media":0,"parent":203,"menu_order":0,"comment_status":"closed","ping_status":"closed","template":"","meta":{"footnotes":""},"class_list":["post-1330","page","type-page","status-publish","hentry"],"yoast_head":"<!-- This site is optimized with the Yoast SEO plugin v27.4 - https:\/\/yoast.com\/product\/yoast-seo-wordpress\/ -->\n<title>XXI Walny Sprawozdawczy Zjazd Delegat\u00f3w - szs-kamien<\/title>\n<meta name=\"robots\" content=\"index, follow, max-snippet:-1, max-image-preview:large, max-video-preview:-1\" \/>\n<link rel=\"canonical\" href=\"https:\/\/www.szs-kamien.pl\/?page_id=1330\" \/>\n<meta property=\"og:locale\" content=\"pl_PL\" \/>\n<meta property=\"og:type\" content=\"article\" \/>\n<meta property=\"og:title\" content=\"XXI Walny Sprawozdawczy Zjazd Delegat\u00f3w - szs-kamien\" \/>\n<meta property=\"og:description\" content=\"VI Walny Zjazd Delegat\u00f3w Regulamin obrad Regulamin wybor\u00f3w Porz\u0105dek obrad Strategia SZS na lata 2020-2024\" \/>\n<meta property=\"og:url\" content=\"https:\/\/www.szs-kamien.pl\/?page_id=1330\" \/>\n<meta property=\"og:site_name\" content=\"szs-kamien\" \/>\n<meta property=\"article:modified_time\" content=\"2025-04-27T20:47:08+00:00\" \/>\n<meta name=\"twitter:card\" content=\"summary_large_image\" \/>\n<meta name=\"twitter:label1\" content=\"Szacowany czas czytania\" \/>\n\t<meta name=\"twitter:data1\" content=\"1 minuta\" \/>\n<script type=\"application\/ld+json\" class=\"yoast-schema-graph\">{\"@context\":\"https:\\\/\\\/schema.org\",\"@graph\":[{\"@type\":\"WebPage\",\"@id\":\"https:\\\/\\\/www.szs-kamien.pl\\\/?page_id=1330\",\"url\":\"https:\\\/\\\/www.szs-kamien.pl\\\/?page_id=1330\",\"name\":\"XXI Walny Sprawozdawczy Zjazd Delegat\u00f3w - szs-kamien\",\"isPartOf\":{\"@id\":\"https:\\\/\\\/www.szs-kamien.pl\\\/#website\"},\"datePublished\":\"2025-02-11T22:14:56+00:00\",\"dateModified\":\"2025-04-27T20:47:08+00:00\",\"breadcrumb\":{\"@id\":\"https:\\\/\\\/www.szs-kamien.pl\\\/?page_id=1330#breadcrumb\"},\"inLanguage\":\"pl-PL\",\"potentialAction\":[{\"@type\":\"ReadAction\",\"target\":[\"https:\\\/\\\/www.szs-kamien.pl\\\/?page_id=1330\"]}]},{\"@type\":\"BreadcrumbList\",\"@id\":\"https:\\\/\\\/www.szs-kamien.pl\\\/?page_id=1330#breadcrumb\",\"itemListElement\":[{\"@type\":\"ListItem\",\"position\":1,\"name\":\"Strona g\u0142\u00f3wna\",\"item\":\"https:\\\/\\\/www.szs-kamien.pl\\\/\"},{\"@type\":\"ListItem\",\"position\":2,\"name\":\"ZWI\u0104ZEK\",\"item\":\"https:\\\/\\\/www.szs-kamien.pl\\\/?page_id=26\"},{\"@type\":\"ListItem\",\"position\":3,\"name\":\"ZJAZDY DELEGAT\u00d3W\",\"item\":\"https:\\\/\\\/www.szs-kamien.pl\\\/?page_id=203\"},{\"@type\":\"ListItem\",\"position\":4,\"name\":\"XXI Walny Sprawozdawczy Zjazd Delegat\u00f3w\"}]},{\"@type\":\"WebSite\",\"@id\":\"https:\\\/\\\/www.szs-kamien.pl\\\/#website\",\"url\":\"https:\\\/\\\/www.szs-kamien.pl\\\/\",\"name\":\"szs-kamien\",\"description\":\"Kolejna witryna WordPress\",\"publisher\":{\"@id\":\"https:\\\/\\\/www.szs-kamien.pl\\\/#organization\"},\"potentialAction\":[{\"@type\":\"SearchAction\",\"target\":{\"@type\":\"EntryPoint\",\"urlTemplate\":\"https:\\\/\\\/www.szs-kamien.pl\\\/?s={search_term_string}\"},\"query-input\":{\"@type\":\"PropertyValueSpecification\",\"valueRequired\":true,\"valueName\":\"search_term_string\"}}],\"inLanguage\":\"pl-PL\"},{\"@type\":\"Organization\",\"@id\":\"https:\\\/\\\/www.szs-kamien.pl\\\/#organization\",\"name\":\"szs-kamien\",\"url\":\"https:\\\/\\\/www.szs-kamien.pl\\\/\",\"logo\":{\"@type\":\"ImageObject\",\"inLanguage\":\"pl-PL\",\"@id\":\"https:\\\/\\\/www.szs-kamien.pl\\\/#\\\/schema\\\/logo\\\/image\\\/\",\"url\":\"https:\\\/\\\/www.szs-kamien.pl\\\/wp-content\\\/uploads\\\/2025\\\/01\\\/logo_szs1-e1745408005616.png\",\"contentUrl\":\"https:\\\/\\\/www.szs-kamien.pl\\\/wp-content\\\/uploads\\\/2025\\\/01\\\/logo_szs1-e1745408005616.png\",\"width\":1671,\"height\":1630,\"caption\":\"szs-kamien\"},\"image\":{\"@id\":\"https:\\\/\\\/www.szs-kamien.pl\\\/#\\\/schema\\\/logo\\\/image\\\/\"}}]}<\/script>\n<!-- \/ Yoast SEO plugin. -->","yoast_head_json":{"title":"XXI Walny Sprawozdawczy Zjazd Delegat\u00f3w - szs-kamien","robots":{"index":"index","follow":"follow","max-snippet":"max-snippet:-1","max-image-preview":"max-image-preview:large","max-video-preview":"max-video-preview:-1"},"canonical":"https:\/\/www.szs-kamien.pl\/?page_id=1330","og_locale":"pl_PL","og_type":"article","og_title":"XXI Walny Sprawozdawczy Zjazd Delegat\u00f3w - szs-kamien","og_description":"VI Walny Zjazd Delegat\u00f3w Regulamin obrad Regulamin wybor\u00f3w Porz\u0105dek obrad Strategia SZS na lata 2020-2024","og_url":"https:\/\/www.szs-kamien.pl\/?page_id=1330","og_site_name":"szs-kamien","article_modified_time":"2025-04-27T20:47:08+00:00","twitter_card":"summary_large_image","twitter_misc":{"Szacowany czas czytania":"1 minuta"},"schema":{"@context":"https:\/\/schema.org","@graph":[{"@type":"WebPage","@id":"https:\/\/www.szs-kamien.pl\/?page_id=1330","url":"https:\/\/www.szs-kamien.pl\/?page_id=1330","name":"XXI Walny Sprawozdawczy Zjazd Delegat\u00f3w - szs-kamien","isPartOf":{"@id":"https:\/\/www.szs-kamien.pl\/#website"},"datePublished":"2025-02-11T22:14:56+00:00","dateModified":"2025-04-27T20:47:08+00:00","breadcrumb":{"@id":"https:\/\/www.szs-kamien.pl\/?page_id=1330#breadcrumb"},"inLanguage":"pl-PL","potentialAction":[{"@type":"ReadAction","target":["https:\/\/www.szs-kamien.pl\/?page_id=1330"]}]},{"@type":"BreadcrumbList","@id":"https:\/\/www.szs-kamien.pl\/?page_id=1330#breadcrumb","itemListElement":[{"@type":"ListItem","position":1,"name":"Strona g\u0142\u00f3wna","item":"https:\/\/www.szs-kamien.pl\/"},{"@type":"ListItem","position":2,"name":"ZWI\u0104ZEK","item":"https:\/\/www.szs-kamien.pl\/?page_id=26"},{"@type":"ListItem","position":3,"name":"ZJAZDY DELEGAT\u00d3W","item":"https:\/\/www.szs-kamien.pl\/?page_id=203"},{"@type":"ListItem","position":4,"name":"XXI Walny Sprawozdawczy Zjazd Delegat\u00f3w"}]},{"@type":"WebSite","@id":"https:\/\/www.szs-kamien.pl\/#website","url":"https:\/\/www.szs-kamien.pl\/","name":"szs-kamien","description":"Kolejna witryna WordPress","publisher":{"@id":"https:\/\/www.szs-kamien.pl\/#organization"},"potentialAction":[{"@type":"SearchAction","target":{"@type":"EntryPoint","urlTemplate":"https:\/\/www.szs-kamien.pl\/?s={search_term_string}"},"query-input":{"@type":"PropertyValueSpecification","valueRequired":true,"valueName":"search_term_string"}}],"inLanguage":"pl-PL"},{"@type":"Organization","@id":"https:\/\/www.szs-kamien.pl\/#organization","name":"szs-kamien","url":"https:\/\/www.szs-kamien.pl\/","logo":{"@type":"ImageObject","inLanguage":"pl-PL","@id":"https:\/\/www.szs-kamien.pl\/#\/schema\/logo\/image\/","url":"https:\/\/www.szs-kamien.pl\/wp-content\/uploads\/2025\/01\/logo_szs1-e1745408005616.png","contentUrl":"https:\/\/www.szs-kamien.pl\/wp-content\/uploads\/2025\/01\/logo_szs1-e1745408005616.png","width":1671,"height":1630,"caption":"szs-kamien"},"image":{"@id":"https:\/\/www.szs-kamien.pl\/#\/schema\/logo\/image\/"}}]}},"_links":{"self":[{"href":"https:\/\/www.szs-kamien.pl\/index.php?rest_route=\/wp\/v2\/pages\/1330","targetHints":{"allow":["GET"]}}],"collection":[{"href":"https:\/\/www.szs-kamien.pl\/index.php?rest_route=\/wp\/v2\/pages"}],"about":[{"href":"https:\/\/www.szs-kamien.pl\/index.php?rest_route=\/wp\/v2\/types\/page"}],"author":[{"embeddable":true,"href":"https:\/\/www.szs-kamien.pl\/index.php?rest_route=\/wp\/v2\/users\/1"}],"replies":[{"embeddable":true,"href":"https:\/\/www.szs-kamien.pl\/index.php?rest_route=%2Fwp%2Fv2%2Fcomments&post=1330"}],"version-history":[{"count":3,"href":"https:\/\/www.szs-kamien.pl\/index.php?rest_route=\/wp\/v2\/pages\/1330\/revisions"}],"predecessor-version":[{"id":2188,"href":"https:\/\/www.szs-kamien.pl\/index.php?rest_route=\/wp\/v2\/pages\/1330\/revisions\/2188"}],"up":[{"embeddable":true,"href":"https:\/\/www.szs-kamien.pl\/index.php?rest_route=\/wp\/v2\/pages\/203"}],"wp:attachment":[{"href":"https:\/\/www.szs-kamien.pl\/index.php?rest_route=%2Fwp%2Fv2%2Fmedia&parent=1330"}],"curies":[{"name":"wp","href":"https:\/\/api.w.org\/{rel}","templated":true}]}}