{"id":164,"date":"2024-12-12T15:33:12","date_gmt":"2024-12-12T15:33:12","guid":{"rendered":"https:\/\/www.testystronadlakazdego.pl\/?page_id=164"},"modified":"2024-12-12T15:33:12","modified_gmt":"2024-12-12T15:33:12","slug":"deklaracja-dostepnosci","status":"publish","type":"page","link":"https:\/\/www.szs-kamien.pl\/?page_id=164","title":{"rendered":"DEKLARACJA DOST\u0118PNO\u015aCI"},"content":{"rendered":"\t\t<div data-elementor-type=\"wp-page\" data-elementor-id=\"164\" class=\"elementor elementor-164\" data-elementor-post-type=\"page\">\n\t\t\t\t\t\t<section class=\"elementor-section elementor-top-section elementor-element elementor-element-38e9486 elementor-section-boxed elementor-section-height-default elementor-section-height-default\" data-id=\"38e9486\" data-element_type=\"section\" data-e-type=\"section\">\n\t\t\t\t\t\t<div class=\"elementor-container elementor-column-gap-default\">\n\t\t\t\t\t<div class=\"elementor-column elementor-col-100 elementor-top-column elementor-element elementor-element-5f6ea4c\" data-id=\"5f6ea4c\" data-element_type=\"column\" data-e-type=\"column\">\n\t\t\t<div class=\"elementor-widget-wrap elementor-element-populated\">\n\t\t\t\t\t\t<div class=\"elementor-element elementor-element-3c90391 elementor-widget elementor-widget-heading\" data-id=\"3c90391\" data-element_type=\"widget\" data-e-type=\"widget\" data-widget_type=\"heading.default\">\n\t\t\t\t<div class=\"elementor-widget-container\">\n\t\t\t\t\t<h2 class=\"elementor-heading-title elementor-size-default\">Deklaracja dost\u0119pno\u015bci<\/h2>\t\t\t\t<\/div>\n\t\t\t\t<\/div>\n\t\t\t\t<div class=\"elementor-element elementor-element-360a052 elementor-widget elementor-widget-text-editor\" data-id=\"360a052\" data-element_type=\"widget\" data-e-type=\"widget\" data-widget_type=\"text-editor.default\">\n\t\t\t\t<div class=\"elementor-widget-container\">\n\t\t\t\t\t\t\t\t\t<p><strong>Dost\u0119pno\u015b\u0107 strony internetowej<\/strong><\/p><p>Szkolny Zwi\u0105zek Sportowy \u201e<em>WIELKOPOLSKA<\/em>\u201d zobowi\u0105zuje si\u0119 zapewni\u0107 dost\u0119pno\u015b\u0107 swojej strony internetowej zgodnie z przepisami ustawy z dnia 4 kwietnia 2019 r. o dost\u0119pno\u015bci cyfrowej stron internetowych i aplikacji mobilnych podmiot\u00f3w publicznych.<\/p><p>Deklaracja dost\u0119pno\u015bci dotyczy strony internetowej www.szswielkopolska.pl.<\/p><p>Data publikacji strony internetowej: 30.05.2011r. Data ostatniej du\u017cej aktualizacji:\u00a0 19.05.2021r.<\/p><p><strong>Stan dost\u0119pno\u015bci cyfrowej<\/strong><\/p><p>Strona internetowa jest cz\u0119\u015bciowo zgodna z ustaw\u0105 z dnia 4 kwietnia 2019 r. o dost\u0119pno\u015bci cyfrowej stron internetowych i aplikacji mobilnych podmiot\u00f3w publicznych z powodu niezgodno\u015bci lub wy\u0142\u0105cze\u0144 wymienionych poni\u017cej.<\/p><ul><li>niedost\u0119pne elementy i tre\u015bci zdj\u0119cia umieszczone na stronie przed jej ostatni\u0105 du\u017c\u0105 aktualizacj\u0105 i wykonaniem niniejszej deklaracji nie posiadaj\u0105 w\u0142a\u015bciwych opis\u00f3w \/ atrybut\u00f3w w formie tekstowej. Osoby redaguj\u0105ce stron\u0119 w przysz\u0142o\u015bci b\u0119d\u0105 prawid\u0142owo opisywa\u0107 zdj\u0119cia,<\/li><li>nie wszystkie pliki umieszczone na stronie do czasu wykonania niniejszej deklaracji s\u0105 przystosowane do odczytu przez czytniki dla os\u00f3b niedowidz\u0105cych lub s\u0105 skanami dokument\u00f3w. Redaktorzy strony staraj\u0105 si\u0119 ograniczy\u0107 do minimum korzystanie z takich plik\u00f3w i osadza\u0107 teksty bezpo\u015brednio w serwisie. Pliki umieszczane w przysz\u0142o\u015bci b\u0119d\u0105 ju\u017c posiada\u0107 odpowiednie formatowanie,<\/li><li>g\u00f3rne menu poziome ma za ma\u0142y kontrast (pomi\u0119dzy t\u0142em a kolorem elementu na nim umieszczonego). Poprawienie sytuacji nast\u0105pi wraz z uruchomieniem nowej szaty graficznej strony,<\/li><li>nie ma ostrze\u017cenia przed otwarciem nowego okna\/zak\u0142adki w przegl\u0105darce.<\/li><\/ul><p><strong>Przygotowanie deklaracji dost\u0119pno\u015bci<\/strong><\/p><p>Data sporz\u0105dzenia deklaracji: 2021.12.21.<\/p><p>Deklaracj\u0119 sporz\u0105dzono na podstawie samooceny przeprowadzonej przez podmiot publiczny.<\/p><p>Data ostatniego przegl\u0105du deklaracji: 2021.12.21.<\/p><p>Deklaracj\u0119 sporz\u0105dzono na podstawie samooceny przeprowadzonej przez podmiot publiczny i skorzystano z dost\u0119pnego narz\u0119dzia do oceny strony: Test \u2013 European Internet Inclusion Initiative (http:\/\/checkers.eiii.eu\/), z kt\u00f3rego wynika, \u017ce strona internetowa www.szswielkopolska.pl spe\u0142nia wymagania w 92%.<\/p><p><strong>Skr\u00f3ty klawiaturowe<\/strong><\/p><p>Na tej stronie internetowej mo\u017cna korzysta\u0107 ze standardowych skr\u00f3t\u00f3w klawiaturowych.<\/p><p><strong>Informacje zwrotne i dane kontaktowe<\/strong><\/p><p>Na tej stronie internetowej s\u0105 problemy, kt\u00f3re wynikaj\u0105 z niespe\u0142nienia wymog\u00f3w dost\u0119pno\u015bci cyfrowej? Zg\u0142o\u015b to do Biura SZS \u201e<em>WIELKOPOLSKA<\/em>\u201d. Osob\u0105 kontaktow\u0105 jest Monika Szyi\u0144ska, <br \/>email: szswielkopolska.monika@wp.pl, tel. 504\u00a0187\u00a0505.<\/p><p>W zg\u0142oszeniu podaj:<\/p><ul><li>\u00a0 \u00a0 \u00a0 \u00a0swoje imi\u0119 i nazwisko,<\/li><li>\u00a0 \u00a0 \u00a0 swoje dane kontaktowe (np. numer telefonu, e-mail),<\/li><li>\u00a0 \u00a0 \u00a0 dok\u0142adny adres strony internetowej, na kt\u00f3rej jest niedost\u0119pny element lub tre\u015b\u0107,<\/li><li>\u00a0 \u00a0 \u00a0 opis na czym polega problem i jaki spos\u00f3b jego rozwi\u0105zania by\u0142by dla Ciebie najwygodniejszy.<\/li><\/ul><p><strong>Obs\u0142uga wniosk\u00f3w i skarg zwi\u0105zanych z dost\u0119pno\u015bci\u0105 <\/strong><\/p><p>Na Twoje zg\u0142oszenie odpowiemy najszybciej jak to mo\u017cliwe, nie p\u00f3\u017aniej ni\u017c w ci\u0105gu 7 dni od jego otrzymania. Je\u017celi ten termin b\u0119dzie dla nas zbyt kr\u00f3tki poinformujemy Ci\u0119 o tym. W tej informacji podamy nowy termin, do kt\u00f3rego poprawimy zg\u0142oszone przez Ciebie b\u0142\u0119dy lub przygotujemy informacje w alternatywny spos\u00f3b. Ten nowy termin nie b\u0119dzie d\u0142u\u017cszy ni\u017c 2 miesi\u0105ce.<\/p><p>Je\u017celi nie b\u0119dziemy w stanie zapewni\u0107 dost\u0119pno\u015bci cyfrowej strony internetowej lub tre\u015bci, z Twojego zg\u0142oszeniu, zaproponujemy Ci dost\u0119p do nich w alternatywny spos\u00f3b.<\/p><p>W przypadku, gdy podmiot publiczny odm\u00f3wi realizacji \u017c\u0105dania zapewnienia dost\u0119pno\u015bci lub alternatywnego sposobu dost\u0119pu do informacji, wnosz\u0105cy \u017c\u0105danie mo\u017cne z\u0142o\u017cy\u0107 skarg\u0119 w sprawie zapewniana dost\u0119pno\u015bci cyfrowej strony internetowej, aplikacji mobilnej lub elementu strony internetowej, lub aplikacji mobilnej. Po wyczerpaniu wskazanej wy\u017cej procedury mo\u017cna tak\u017ce z\u0142o\u017cy\u0107 wniosek do\u00a0<a href=\"https:\/\/www.rpo.gov.pl\/content\/jak-zglosic-sie-do-rzecznika-praw-obywatelskich\">Rzecznika Praw Obywatelskich<\/a>.<\/p><p><strong>Dost\u0119pno\u015b\u0107 architektoniczna budynku siedziby Biura Szkolnego Zwi\u0105zku Sportowego \u201e<em>WIELKOPOLSKA<\/em>\u201d:<\/strong><\/p><p><strong>Szkolny Zwi\u0105zek Sportowy <em>\u201eWIELKOPOLSKA\u201d<\/em><\/strong><\/p><ol><li><strong> Staro\u0142\u0119cka 36<\/strong><\/li><\/ol><p><strong>61-361 Pozna\u0144<\/strong><\/p><p><u>Dost\u0119pno\u015b\u0107 parkingu<\/u><\/p><p>Za budynkiem znajduje si\u0119 du\u017cy parking, kt\u00f3ry umo\u017cliwia swobodne zaparkowanie osobom ze szczeg\u00f3lnymi potrzebami. W przypadku pe\u0142nego ob\u0142o\u017cenia miejsc nale\u017cy skontaktowa\u0107 si\u0119 Biurem SZS \u201e<em>WIELKOPOLSKA<\/em>\u201d. Z chodnika do budynku prowadzi utwardzona droga z boku budynku.<\/p><p><u>Dost\u0119pno\u015b\u0107 wej\u015bcia<\/u><\/p><p>G\u0142\u00f3wne wej\u015bcie do budynku zlokalizowane jest z ty\u0142u budynku od strony parkingu. Wej\u015bcie do budynku znajduje si\u0119 na jednostopniowym podwy\u017cszeniu bez mo\u017cliwo\u015bci wjazdu w\u00f3zkiem. Budynek nie posiada platformy ani podjazdu dla os\u00f3b niepe\u0142nosprawnych. Drzwi wej\u015bciowe do budynku otwierane s\u0105 poprze poci\u0105gni\u0119cie za uchwyt na zewn\u0105trz. Wej\u015bcie jest og\u00f3lnodost\u0119pne w godzinach pracy Biura tj. od poniedzia\u0142ku do pi\u0105tku w godzinach od 08.00 do 15.30. \u017badne wej\u015bcie nie umo\u017cliwia dostania si\u0119 do budynku wprost z poziomu terenu. Drzwi wej\u015bciowe do Biura SZS \u201e<em>WIELKOPOLSKA<\/em>\u201d otwierane s\u0105 poprze u\u017cycie klamki za zewn\u0105trz.<\/p><p><u>Dost\u0119pno\u015b\u0107 budynku<\/u><\/p><p>Budynek jest wielokondygnacyjny. Biuro SZS \u201e<em>WIELKOPOLSKA<\/em>\u201d znajduje si\u0119 na II pi\u0119trze budynku. Na ka\u017cde z pi\u0119ter w budynku prowadz\u0105 schody bez mo\u017cliwo\u015bci wjazdu w\u00f3zkiem. W budynku nie ma windy ani innych urz\u0105dze\u0144 s\u0142u\u017c\u0105cych do transportu osoby na w\u00f3zku na pi\u0119tro budynku. Na klatkach schodowych zamontowane s\u0105 por\u0119cze. W budynku nie ma p\u0119tli indukcyjnej, nie s\u0105 podawane komunikaty g\u0142osowe. W budynku nie ma oznacze\u0144 kontrastowych lub w druku powi\u0119kszonym dla os\u00f3b s\u0142abowidz\u0105cych. Nie ma mo\u017cliwo\u015bci skorzystania z t\u0142umacza j\u0119zyka migowego na miejscu lub online. Do budynku mo\u017cna wej\u015b\u0107 z psem asystuj\u0105cym i psem przewodnikiem. W budynku nie ma toalet dost\u0119pnych dla os\u00f3b na w\u00f3zkach inwalidzkich<\/p><p>W celu uzyskania pomocy nale\u017cy skontaktowa\u0107 si\u0119 z Biurem SZS \u201e<em>WIELKOPOLSKA<\/em>\u201d.<\/p>\t\t\t\t\t\t\t\t<\/div>\n\t\t\t\t<\/div>\n\t\t\t\t\t<\/div>\n\t\t<\/div>\n\t\t\t\t\t<\/div>\n\t\t<\/section>\n\t\t\t\t<\/div>\n\t\t","protected":false},"excerpt":{"rendered":"<p>Deklaracja dost\u0119pno\u015bci Dost\u0119pno\u015b\u0107 strony internetowej Szkolny Zwi\u0105zek Sportowy \u201eWIELKOPOLSKA\u201d zobowi\u0105zuje si\u0119 zapewni\u0107 dost\u0119pno\u015b\u0107 swojej strony internetowej zgodnie z przepisami ustawy z dnia 4 kwietnia 2019 r. o dost\u0119pno\u015bci cyfrowej stron internetowych i aplikacji mobilnych podmiot\u00f3w publicznych. Deklaracja dost\u0119pno\u015bci dotyczy strony internetowej www.szswielkopolska.pl. Data publikacji strony internetowej: 30.05.2011r. Data ostatniej du\u017cej aktualizacji:\u00a0 19.05.2021r. Stan dost\u0119pno\u015bci cyfrowej [&hellip;]<\/p>\n","protected":false},"author":1,"featured_media":0,"parent":0,"menu_order":0,"comment_status":"closed","ping_status":"closed","template":"","meta":{"footnotes":""},"class_list":["post-164","page","type-page","status-publish","hentry"],"yoast_head":"<!-- This site is optimized with the Yoast SEO plugin v27.4 - https:\/\/yoast.com\/product\/yoast-seo-wordpress\/ -->\n<title>DEKLARACJA DOST\u0118PNO\u015aCI - szs-kamien<\/title>\n<meta name=\"robots\" content=\"index, follow, max-snippet:-1, max-image-preview:large, max-video-preview:-1\" \/>\n<link rel=\"canonical\" href=\"https:\/\/www.szs-kamien.pl\/?page_id=164\" \/>\n<meta property=\"og:locale\" content=\"pl_PL\" \/>\n<meta property=\"og:type\" content=\"article\" \/>\n<meta property=\"og:title\" content=\"DEKLARACJA DOST\u0118PNO\u015aCI - szs-kamien\" \/>\n<meta property=\"og:description\" content=\"Deklaracja dost\u0119pno\u015bci Dost\u0119pno\u015b\u0107 strony internetowej Szkolny Zwi\u0105zek Sportowy \u201eWIELKOPOLSKA\u201d zobowi\u0105zuje si\u0119 zapewni\u0107 dost\u0119pno\u015b\u0107 swojej strony internetowej zgodnie z przepisami ustawy z dnia 4 kwietnia 2019 r. o dost\u0119pno\u015bci cyfrowej stron internetowych i aplikacji mobilnych podmiot\u00f3w publicznych. Deklaracja dost\u0119pno\u015bci dotyczy strony internetowej www.szswielkopolska.pl. Data publikacji strony internetowej: 30.05.2011r. Data ostatniej du\u017cej aktualizacji:\u00a0 19.05.2021r. Stan dost\u0119pno\u015bci cyfrowej [&hellip;]\" \/>\n<meta property=\"og:url\" content=\"https:\/\/www.szs-kamien.pl\/?page_id=164\" \/>\n<meta property=\"og:site_name\" content=\"szs-kamien\" \/>\n<meta name=\"twitter:card\" content=\"summary_large_image\" \/>\n<meta name=\"twitter:label1\" content=\"Szacowany czas czytania\" \/>\n\t<meta name=\"twitter:data1\" content=\"5 minut\" \/>\n<script type=\"application\/ld+json\" class=\"yoast-schema-graph\">{\"@context\":\"https:\\\/\\\/schema.org\",\"@graph\":[{\"@type\":\"WebPage\",\"@id\":\"https:\\\/\\\/www.szs-kamien.pl\\\/?page_id=164\",\"url\":\"https:\\\/\\\/www.szs-kamien.pl\\\/?page_id=164\",\"name\":\"DEKLARACJA DOST\u0118PNO\u015aCI - szs-kamien\",\"isPartOf\":{\"@id\":\"https:\\\/\\\/www.szs-kamien.pl\\\/#website\"},\"datePublished\":\"2024-12-12T15:33:12+00:00\",\"breadcrumb\":{\"@id\":\"https:\\\/\\\/www.szs-kamien.pl\\\/?page_id=164#breadcrumb\"},\"inLanguage\":\"pl-PL\",\"potentialAction\":[{\"@type\":\"ReadAction\",\"target\":[\"https:\\\/\\\/www.szs-kamien.pl\\\/?page_id=164\"]}]},{\"@type\":\"BreadcrumbList\",\"@id\":\"https:\\\/\\\/www.szs-kamien.pl\\\/?page_id=164#breadcrumb\",\"itemListElement\":[{\"@type\":\"ListItem\",\"position\":1,\"name\":\"Strona g\u0142\u00f3wna\",\"item\":\"https:\\\/\\\/www.szs-kamien.pl\\\/\"},{\"@type\":\"ListItem\",\"position\":2,\"name\":\"DEKLARACJA DOST\u0118PNO\u015aCI\"}]},{\"@type\":\"WebSite\",\"@id\":\"https:\\\/\\\/www.szs-kamien.pl\\\/#website\",\"url\":\"https:\\\/\\\/www.szs-kamien.pl\\\/\",\"name\":\"szs-kamien\",\"description\":\"Kolejna witryna WordPress\",\"publisher\":{\"@id\":\"https:\\\/\\\/www.szs-kamien.pl\\\/#organization\"},\"potentialAction\":[{\"@type\":\"SearchAction\",\"target\":{\"@type\":\"EntryPoint\",\"urlTemplate\":\"https:\\\/\\\/www.szs-kamien.pl\\\/?s={search_term_string}\"},\"query-input\":{\"@type\":\"PropertyValueSpecification\",\"valueRequired\":true,\"valueName\":\"search_term_string\"}}],\"inLanguage\":\"pl-PL\"},{\"@type\":\"Organization\",\"@id\":\"https:\\\/\\\/www.szs-kamien.pl\\\/#organization\",\"name\":\"szs-kamien\",\"url\":\"https:\\\/\\\/www.szs-kamien.pl\\\/\",\"logo\":{\"@type\":\"ImageObject\",\"inLanguage\":\"pl-PL\",\"@id\":\"https:\\\/\\\/www.szs-kamien.pl\\\/#\\\/schema\\\/logo\\\/image\\\/\",\"url\":\"https:\\\/\\\/www.szs-kamien.pl\\\/wp-content\\\/uploads\\\/2025\\\/01\\\/logo_szs1-e1745408005616.png\",\"contentUrl\":\"https:\\\/\\\/www.szs-kamien.pl\\\/wp-content\\\/uploads\\\/2025\\\/01\\\/logo_szs1-e1745408005616.png\",\"width\":1671,\"height\":1630,\"caption\":\"szs-kamien\"},\"image\":{\"@id\":\"https:\\\/\\\/www.szs-kamien.pl\\\/#\\\/schema\\\/logo\\\/image\\\/\"}}]}<\/script>\n<!-- \/ Yoast SEO plugin. -->","yoast_head_json":{"title":"DEKLARACJA DOST\u0118PNO\u015aCI - szs-kamien","robots":{"index":"index","follow":"follow","max-snippet":"max-snippet:-1","max-image-preview":"max-image-preview:large","max-video-preview":"max-video-preview:-1"},"canonical":"https:\/\/www.szs-kamien.pl\/?page_id=164","og_locale":"pl_PL","og_type":"article","og_title":"DEKLARACJA DOST\u0118PNO\u015aCI - szs-kamien","og_description":"Deklaracja dost\u0119pno\u015bci Dost\u0119pno\u015b\u0107 strony internetowej Szkolny Zwi\u0105zek Sportowy \u201eWIELKOPOLSKA\u201d zobowi\u0105zuje si\u0119 zapewni\u0107 dost\u0119pno\u015b\u0107 swojej strony internetowej zgodnie z przepisami ustawy z dnia 4 kwietnia 2019 r. o dost\u0119pno\u015bci cyfrowej stron internetowych i aplikacji mobilnych podmiot\u00f3w publicznych. Deklaracja dost\u0119pno\u015bci dotyczy strony internetowej www.szswielkopolska.pl. Data publikacji strony internetowej: 30.05.2011r. Data ostatniej du\u017cej aktualizacji:\u00a0 19.05.2021r. Stan dost\u0119pno\u015bci cyfrowej [&hellip;]","og_url":"https:\/\/www.szs-kamien.pl\/?page_id=164","og_site_name":"szs-kamien","twitter_card":"summary_large_image","twitter_misc":{"Szacowany czas czytania":"5 minut"},"schema":{"@context":"https:\/\/schema.org","@graph":[{"@type":"WebPage","@id":"https:\/\/www.szs-kamien.pl\/?page_id=164","url":"https:\/\/www.szs-kamien.pl\/?page_id=164","name":"DEKLARACJA DOST\u0118PNO\u015aCI - szs-kamien","isPartOf":{"@id":"https:\/\/www.szs-kamien.pl\/#website"},"datePublished":"2024-12-12T15:33:12+00:00","breadcrumb":{"@id":"https:\/\/www.szs-kamien.pl\/?page_id=164#breadcrumb"},"inLanguage":"pl-PL","potentialAction":[{"@type":"ReadAction","target":["https:\/\/www.szs-kamien.pl\/?page_id=164"]}]},{"@type":"BreadcrumbList","@id":"https:\/\/www.szs-kamien.pl\/?page_id=164#breadcrumb","itemListElement":[{"@type":"ListItem","position":1,"name":"Strona g\u0142\u00f3wna","item":"https:\/\/www.szs-kamien.pl\/"},{"@type":"ListItem","position":2,"name":"DEKLARACJA DOST\u0118PNO\u015aCI"}]},{"@type":"WebSite","@id":"https:\/\/www.szs-kamien.pl\/#website","url":"https:\/\/www.szs-kamien.pl\/","name":"szs-kamien","description":"Kolejna witryna WordPress","publisher":{"@id":"https:\/\/www.szs-kamien.pl\/#organization"},"potentialAction":[{"@type":"SearchAction","target":{"@type":"EntryPoint","urlTemplate":"https:\/\/www.szs-kamien.pl\/?s={search_term_string}"},"query-input":{"@type":"PropertyValueSpecification","valueRequired":true,"valueName":"search_term_string"}}],"inLanguage":"pl-PL"},{"@type":"Organization","@id":"https:\/\/www.szs-kamien.pl\/#organization","name":"szs-kamien","url":"https:\/\/www.szs-kamien.pl\/","logo":{"@type":"ImageObject","inLanguage":"pl-PL","@id":"https:\/\/www.szs-kamien.pl\/#\/schema\/logo\/image\/","url":"https:\/\/www.szs-kamien.pl\/wp-content\/uploads\/2025\/01\/logo_szs1-e1745408005616.png","contentUrl":"https:\/\/www.szs-kamien.pl\/wp-content\/uploads\/2025\/01\/logo_szs1-e1745408005616.png","width":1671,"height":1630,"caption":"szs-kamien"},"image":{"@id":"https:\/\/www.szs-kamien.pl\/#\/schema\/logo\/image\/"}}]}},"_links":{"self":[{"href":"https:\/\/www.szs-kamien.pl\/index.php?rest_route=\/wp\/v2\/pages\/164","targetHints":{"allow":["GET"]}}],"collection":[{"href":"https:\/\/www.szs-kamien.pl\/index.php?rest_route=\/wp\/v2\/pages"}],"about":[{"href":"https:\/\/www.szs-kamien.pl\/index.php?rest_route=\/wp\/v2\/types\/page"}],"author":[{"embeddable":true,"href":"https:\/\/www.szs-kamien.pl\/index.php?rest_route=\/wp\/v2\/users\/1"}],"replies":[{"embeddable":true,"href":"https:\/\/www.szs-kamien.pl\/index.php?rest_route=%2Fwp%2Fv2%2Fcomments&post=164"}],"version-history":[{"count":0,"href":"https:\/\/www.szs-kamien.pl\/index.php?rest_route=\/wp\/v2\/pages\/164\/revisions"}],"wp:attachment":[{"href":"https:\/\/www.szs-kamien.pl\/index.php?rest_route=%2Fwp%2Fv2%2Fmedia&parent=164"}],"curies":[{"name":"wp","href":"https:\/\/api.w.org\/{rel}","templated":true}]}}