{"id":344,"date":"2024-12-15T09:01:17","date_gmt":"2024-12-15T09:01:17","guid":{"rendered":"https:\/\/www.testystronadlakazdego.pl\/?page_id=344"},"modified":"2025-04-27T20:23:18","modified_gmt":"2025-04-27T20:23:18","slug":"xviii-walny-zjazd-delegatow-2016","status":"publish","type":"page","link":"https:\/\/www.szs-kamien.pl\/?page_id=344","title":{"rendered":"XVIII Walny Zjazd Delegat\u00f3w 2016"},"content":{"rendered":"\t\t<div data-elementor-type=\"wp-page\" data-elementor-id=\"344\" class=\"elementor elementor-344\" data-elementor-post-type=\"page\">\n\t\t\t\t\t\t<section class=\"elementor-section elementor-top-section elementor-element elementor-element-60bef6c0 elementor-section-boxed elementor-section-height-default elementor-section-height-default\" data-id=\"60bef6c0\" data-element_type=\"section\" data-e-type=\"section\">\n\t\t\t\t\t\t<div class=\"elementor-container elementor-column-gap-default\">\n\t\t\t\t\t<div class=\"elementor-column elementor-col-100 elementor-top-column elementor-element elementor-element-2b11d2e7\" data-id=\"2b11d2e7\" data-element_type=\"column\" data-e-type=\"column\">\n\t\t\t<div class=\"elementor-widget-wrap elementor-element-populated\">\n\t\t\t\t\t\t<div class=\"elementor-element elementor-element-59cbc8cf elementor-widget elementor-widget-heading\" data-id=\"59cbc8cf\" data-element_type=\"widget\" data-e-type=\"widget\" data-widget_type=\"heading.default\">\n\t\t\t\t<div class=\"elementor-widget-container\">\n\t\t\t\t\t<h2 class=\"elementor-heading-title elementor-size-default\">VIII Walny Zjazd Delegat\u00f3w <\/h2>\t\t\t\t<\/div>\n\t\t\t\t<\/div>\n\t\t\t\t\t<\/div>\n\t\t<\/div>\n\t\t\t\t\t<\/div>\n\t\t<\/section>\n\t\t\t\t<section class=\"elementor-section elementor-top-section elementor-element elementor-element-584f1a24 elementor-section-boxed elementor-section-height-default elementor-section-height-default\" data-id=\"584f1a24\" data-element_type=\"section\" data-e-type=\"section\">\n\t\t\t\t\t\t<div class=\"elementor-container elementor-column-gap-default\">\n\t\t\t\t\t<div class=\"elementor-column elementor-col-50 elementor-top-column elementor-element elementor-element-468d1572\" data-id=\"468d1572\" data-element_type=\"column\" data-e-type=\"column\">\n\t\t\t<div class=\"elementor-widget-wrap elementor-element-populated\">\n\t\t\t\t\t\t<section class=\"elementor-section elementor-inner-section elementor-element elementor-element-57e98d23 elementor-section-boxed elementor-section-height-default elementor-section-height-default\" data-id=\"57e98d23\" data-element_type=\"section\" data-e-type=\"section\" data-settings=\"{&quot;background_background&quot;:&quot;classic&quot;}\">\n\t\t\t\t\t\t<div class=\"elementor-container elementor-column-gap-default\">\n\t\t\t\t\t<div class=\"elementor-column elementor-col-16 elementor-inner-column elementor-element elementor-element-7d18ea0b\" data-id=\"7d18ea0b\" data-element_type=\"column\" data-e-type=\"column\">\n\t\t\t<div class=\"elementor-widget-wrap elementor-element-populated\">\n\t\t\t\t\t\t<div class=\"elementor-element elementor-element-92e6756 elementor-view-default elementor-widget elementor-widget-icon\" data-id=\"92e6756\" data-element_type=\"widget\" data-e-type=\"widget\" data-widget_type=\"icon.default\">\n\t\t\t\t<div class=\"elementor-widget-container\">\n\t\t\t\t\t\t\t<div class=\"elementor-icon-wrapper\">\n\t\t\t<div class=\"elementor-icon\">\n\t\t\t<i aria-hidden=\"true\" class=\"fas fa-paperclip\"><\/i>\t\t\t<\/div>\n\t\t<\/div>\n\t\t\t\t\t\t<\/div>\n\t\t\t\t<\/div>\n\t\t\t\t\t<\/div>\n\t\t<\/div>\n\t\t\t\t<div class=\"elementor-column elementor-col-66 elementor-inner-column elementor-element elementor-element-317c2544\" data-id=\"317c2544\" data-element_type=\"column\" data-e-type=\"column\">\n\t\t\t<div class=\"elementor-widget-wrap elementor-element-populated\">\n\t\t\t\t\t\t<div class=\"elementor-element elementor-element-492fa7b4 elementor-widget elementor-widget-heading\" data-id=\"492fa7b4\" data-element_type=\"widget\" data-e-type=\"widget\" data-widget_type=\"heading.default\">\n\t\t\t\t<div class=\"elementor-widget-container\">\n\t\t\t\t\t<h2 class=\"elementor-heading-title elementor-size-default\">Regulamin obrad<\/h2>\t\t\t\t<\/div>\n\t\t\t\t<\/div>\n\t\t\t\t\t<\/div>\n\t\t<\/div>\n\t\t\t\t<div class=\"elementor-column elementor-col-16 elementor-inner-column elementor-element elementor-element-7bd3cbd6\" data-id=\"7bd3cbd6\" data-element_type=\"column\" data-e-type=\"column\">\n\t\t\t<div class=\"elementor-widget-wrap elementor-element-populated\">\n\t\t\t\t\t\t<div class=\"elementor-element elementor-element-19611704 elementor-widget__width-initial elementor-view-default elementor-widget elementor-widget-icon\" data-id=\"19611704\" data-element_type=\"widget\" data-e-type=\"widget\" data-widget_type=\"icon.default\">\n\t\t\t\t<div class=\"elementor-widget-container\">\n\t\t\t\t\t\t\t<div class=\"elementor-icon-wrapper\">\n\t\t\t<div class=\"elementor-icon\">\n\t\t\t<svg xmlns=\"http:\/\/www.w3.org\/2000\/svg\" width=\"512.000000pt\" height=\"512.000000pt\" viewBox=\"0 0 512.000000 512.000000\" preserveAspectRatio=\"xMidYMid meet\"><g transform=\"translate(0.000000,512.000000) scale(0.100000,-0.100000)\" fill=\"#000000\" stroke=\"none\"><path d=\"M2492 4897 c-50 -19 -102 -65 -123 -111 -18 -40 -19 -106 -19 -1941 l0 -1900 -362 362 c-378 377 -409 402 -489 403 -84 0 -159 -47 -195 -124 -29 -62 -30 -117 -3 -176 27 -61 1103 -1140 1167 -1172 57 -27 136 -27 188 0 23 12 274 256 605 589 521 523 567 572 579 615 40 152 -106 303 -259 266 -42 -10 -76 -40 -421 -384 -207 -206 -379 -374 -383 -374 -4 0 -7 855 -7 1900 0 1862 0 1902 -19 1939 -50 97 -161 143 -259 108z\"><\/path><\/g><\/svg>\t\t\t<\/div>\n\t\t<\/div>\n\t\t\t\t\t\t<\/div>\n\t\t\t\t<\/div>\n\t\t\t\t\t<\/div>\n\t\t<\/div>\n\t\t\t\t\t<\/div>\n\t\t<\/section>\n\t\t\t\t\t<\/div>\n\t\t<\/div>\n\t\t\t\t<div class=\"elementor-column elementor-col-50 elementor-top-column elementor-element elementor-element-123de799\" data-id=\"123de799\" data-element_type=\"column\" data-e-type=\"column\">\n\t\t\t<div class=\"elementor-widget-wrap elementor-element-populated\">\n\t\t\t\t\t\t<div class=\"elementor-section elementor-inner-section elementor-element elementor-element-23007c54 elementor-section-boxed elementor-section-height-default elementor-section-height-default\" data-id=\"23007c54\" data-element_type=\"section\" data-e-type=\"section\" data-settings=\"{&quot;background_background&quot;:&quot;classic&quot;}\">\n\t\t\t\t\t\t<div class=\"elementor-container elementor-column-gap-default\">\n\t\t\t\t\t<div class=\"elementor-column elementor-col-16 elementor-inner-column elementor-element elementor-element-5a416558\" data-id=\"5a416558\" data-element_type=\"column\" data-e-type=\"column\">\n\t\t\t<div class=\"elementor-widget-wrap elementor-element-populated\">\n\t\t\t\t\t\t<div class=\"elementor-element elementor-element-6639abcb elementor-view-default elementor-widget elementor-widget-icon\" data-id=\"6639abcb\" data-element_type=\"widget\" data-e-type=\"widget\" data-widget_type=\"icon.default\">\n\t\t\t\t<div class=\"elementor-widget-container\">\n\t\t\t\t\t\t\t<div class=\"elementor-icon-wrapper\">\n\t\t\t<div class=\"elementor-icon\">\n\t\t\t<i aria-hidden=\"true\" class=\"fas fa-paperclip\"><\/i>\t\t\t<\/div>\n\t\t<\/div>\n\t\t\t\t\t\t<\/div>\n\t\t\t\t<\/div>\n\t\t\t\t\t<\/div>\n\t\t<\/div>\n\t\t\t\t<div class=\"elementor-column elementor-col-66 elementor-inner-column elementor-element elementor-element-47748e19\" data-id=\"47748e19\" data-element_type=\"column\" data-e-type=\"column\">\n\t\t\t<div class=\"elementor-widget-wrap elementor-element-populated\">\n\t\t\t\t\t\t<div class=\"elementor-element elementor-element-5ef87ba5 elementor-widget elementor-widget-heading\" data-id=\"5ef87ba5\" data-element_type=\"widget\" data-e-type=\"widget\" data-widget_type=\"heading.default\">\n\t\t\t\t<div class=\"elementor-widget-container\">\n\t\t\t\t\t<h2 class=\"elementor-heading-title elementor-size-default\">Regulamin wybor\u00f3w<\/h2>\t\t\t\t<\/div>\n\t\t\t\t<\/div>\n\t\t\t\t\t<\/div>\n\t\t<\/div>\n\t\t\t\t<div class=\"elementor-column elementor-col-16 elementor-inner-column elementor-element elementor-element-6a4c4ba7\" data-id=\"6a4c4ba7\" data-element_type=\"column\" data-e-type=\"column\">\n\t\t\t<div class=\"elementor-widget-wrap elementor-element-populated\">\n\t\t\t\t\t\t<div class=\"elementor-element elementor-element-16795ae3 elementor-widget__width-initial elementor-view-default elementor-widget elementor-widget-icon\" data-id=\"16795ae3\" data-element_type=\"widget\" data-e-type=\"widget\" data-widget_type=\"icon.default\">\n\t\t\t\t<div class=\"elementor-widget-container\">\n\t\t\t\t\t\t\t<div class=\"elementor-icon-wrapper\">\n\t\t\t<div class=\"elementor-icon\">\n\t\t\t<svg xmlns=\"http:\/\/www.w3.org\/2000\/svg\" width=\"512.000000pt\" height=\"512.000000pt\" viewBox=\"0 0 512.000000 512.000000\" preserveAspectRatio=\"xMidYMid meet\"><g transform=\"translate(0.000000,512.000000) scale(0.100000,-0.100000)\" fill=\"#000000\" stroke=\"none\"><path d=\"M2492 4897 c-50 -19 -102 -65 -123 -111 -18 -40 -19 -106 -19 -1941 l0 -1900 -362 362 c-378 377 -409 402 -489 403 -84 0 -159 -47 -195 -124 -29 -62 -30 -117 -3 -176 27 -61 1103 -1140 1167 -1172 57 -27 136 -27 188 0 23 12 274 256 605 589 521 523 567 572 579 615 40 152 -106 303 -259 266 -42 -10 -76 -40 -421 -384 -207 -206 -379 -374 -383 -374 -4 0 -7 855 -7 1900 0 1862 0 1902 -19 1939 -50 97 -161 143 -259 108z\"><\/path><\/g><\/svg>\t\t\t<\/div>\n\t\t<\/div>\n\t\t\t\t\t\t<\/div>\n\t\t\t\t<\/div>\n\t\t\t\t\t<\/div>\n\t\t<\/div>\n\t\t\t\t\t<\/div>\n\t\t<\/div>\n\t\t\t\t\t<\/div>\n\t\t<\/div>\n\t\t\t\t\t<\/div>\n\t\t<\/section>\n\t\t\t\t<section class=\"elementor-section elementor-top-section elementor-element elementor-element-21d60d7e elementor-section-boxed elementor-section-height-default elementor-section-height-default\" data-id=\"21d60d7e\" data-element_type=\"section\" data-e-type=\"section\">\n\t\t\t\t\t\t<div class=\"elementor-container elementor-column-gap-default\">\n\t\t\t\t\t<div class=\"elementor-column elementor-col-50 elementor-top-column elementor-element elementor-element-19fd2c17\" data-id=\"19fd2c17\" data-element_type=\"column\" data-e-type=\"column\">\n\t\t\t<div class=\"elementor-widget-wrap elementor-element-populated\">\n\t\t\t\t\t\t<section class=\"elementor-section elementor-inner-section elementor-element elementor-element-3cb70607 elementor-section-boxed elementor-section-height-default elementor-section-height-default\" data-id=\"3cb70607\" data-element_type=\"section\" data-e-type=\"section\" data-settings=\"{&quot;background_background&quot;:&quot;classic&quot;}\">\n\t\t\t\t\t\t<div class=\"elementor-container elementor-column-gap-default\">\n\t\t\t\t\t<div class=\"elementor-column elementor-col-16 elementor-inner-column elementor-element elementor-element-1eeabd43\" data-id=\"1eeabd43\" data-element_type=\"column\" data-e-type=\"column\">\n\t\t\t<div class=\"elementor-widget-wrap elementor-element-populated\">\n\t\t\t\t\t\t<div class=\"elementor-element elementor-element-d4cd25d elementor-view-default elementor-widget elementor-widget-icon\" data-id=\"d4cd25d\" data-element_type=\"widget\" data-e-type=\"widget\" data-widget_type=\"icon.default\">\n\t\t\t\t<div class=\"elementor-widget-container\">\n\t\t\t\t\t\t\t<div class=\"elementor-icon-wrapper\">\n\t\t\t<div class=\"elementor-icon\">\n\t\t\t<i aria-hidden=\"true\" class=\"fas fa-paperclip\"><\/i>\t\t\t<\/div>\n\t\t<\/div>\n\t\t\t\t\t\t<\/div>\n\t\t\t\t<\/div>\n\t\t\t\t\t<\/div>\n\t\t<\/div>\n\t\t\t\t<div class=\"elementor-column elementor-col-66 elementor-inner-column elementor-element elementor-element-135add6d\" data-id=\"135add6d\" data-element_type=\"column\" data-e-type=\"column\">\n\t\t\t<div class=\"elementor-widget-wrap elementor-element-populated\">\n\t\t\t\t\t\t<div class=\"elementor-element elementor-element-44658493 elementor-widget elementor-widget-heading\" data-id=\"44658493\" data-element_type=\"widget\" data-e-type=\"widget\" data-widget_type=\"heading.default\">\n\t\t\t\t<div class=\"elementor-widget-container\">\n\t\t\t\t\t<h2 class=\"elementor-heading-title elementor-size-default\">Porz\u0105dek obrad<\/h2>\t\t\t\t<\/div>\n\t\t\t\t<\/div>\n\t\t\t\t\t<\/div>\n\t\t<\/div>\n\t\t\t\t<div class=\"elementor-column elementor-col-16 elementor-inner-column elementor-element elementor-element-395ed263\" data-id=\"395ed263\" data-element_type=\"column\" data-e-type=\"column\">\n\t\t\t<div class=\"elementor-widget-wrap elementor-element-populated\">\n\t\t\t\t\t\t<div class=\"elementor-element elementor-element-34267de3 elementor-widget__width-initial elementor-view-default elementor-widget elementor-widget-icon\" data-id=\"34267de3\" data-element_type=\"widget\" data-e-type=\"widget\" data-widget_type=\"icon.default\">\n\t\t\t\t<div class=\"elementor-widget-container\">\n\t\t\t\t\t\t\t<div class=\"elementor-icon-wrapper\">\n\t\t\t<div class=\"elementor-icon\">\n\t\t\t<svg xmlns=\"http:\/\/www.w3.org\/2000\/svg\" width=\"512.000000pt\" height=\"512.000000pt\" viewBox=\"0 0 512.000000 512.000000\" preserveAspectRatio=\"xMidYMid meet\"><g transform=\"translate(0.000000,512.000000) scale(0.100000,-0.100000)\" fill=\"#000000\" stroke=\"none\"><path d=\"M2492 4897 c-50 -19 -102 -65 -123 -111 -18 -40 -19 -106 -19 -1941 l0 -1900 -362 362 c-378 377 -409 402 -489 403 -84 0 -159 -47 -195 -124 -29 -62 -30 -117 -3 -176 27 -61 1103 -1140 1167 -1172 57 -27 136 -27 188 0 23 12 274 256 605 589 521 523 567 572 579 615 40 152 -106 303 -259 266 -42 -10 -76 -40 -421 -384 -207 -206 -379 -374 -383 -374 -4 0 -7 855 -7 1900 0 1862 0 1902 -19 1939 -50 97 -161 143 -259 108z\"><\/path><\/g><\/svg>\t\t\t<\/div>\n\t\t<\/div>\n\t\t\t\t\t\t<\/div>\n\t\t\t\t<\/div>\n\t\t\t\t\t<\/div>\n\t\t<\/div>\n\t\t\t\t\t<\/div>\n\t\t<\/section>\n\t\t\t\t\t<\/div>\n\t\t<\/div>\n\t\t\t\t<div class=\"elementor-column elementor-col-50 elementor-top-column elementor-element elementor-element-4287904f\" data-id=\"4287904f\" data-element_type=\"column\" data-e-type=\"column\">\n\t\t\t<div class=\"elementor-widget-wrap elementor-element-populated\">\n\t\t\t\t\t\t<div class=\"elementor-section elementor-inner-section elementor-element elementor-element-e0a3b5c elementor-section-boxed elementor-section-height-default elementor-section-height-default\" data-id=\"e0a3b5c\" data-element_type=\"section\" data-e-type=\"section\" data-settings=\"{&quot;background_background&quot;:&quot;classic&quot;}\">\n\t\t\t\t\t\t<div class=\"elementor-container elementor-column-gap-default\">\n\t\t\t\t\t<div class=\"elementor-column elementor-col-16 elementor-inner-column elementor-element elementor-element-6d1cf3ae\" data-id=\"6d1cf3ae\" data-element_type=\"column\" data-e-type=\"column\">\n\t\t\t<div class=\"elementor-widget-wrap elementor-element-populated\">\n\t\t\t\t\t\t<div class=\"elementor-element elementor-element-66bb2861 elementor-view-default elementor-widget elementor-widget-icon\" data-id=\"66bb2861\" data-element_type=\"widget\" data-e-type=\"widget\" data-widget_type=\"icon.default\">\n\t\t\t\t<div class=\"elementor-widget-container\">\n\t\t\t\t\t\t\t<div class=\"elementor-icon-wrapper\">\n\t\t\t<div class=\"elementor-icon\">\n\t\t\t<i aria-hidden=\"true\" class=\"fas fa-paperclip\"><\/i>\t\t\t<\/div>\n\t\t<\/div>\n\t\t\t\t\t\t<\/div>\n\t\t\t\t<\/div>\n\t\t\t\t\t<\/div>\n\t\t<\/div>\n\t\t\t\t<div class=\"elementor-column elementor-col-66 elementor-inner-column elementor-element elementor-element-606dcad5\" data-id=\"606dcad5\" data-element_type=\"column\" data-e-type=\"column\">\n\t\t\t<div class=\"elementor-widget-wrap elementor-element-populated\">\n\t\t\t\t\t\t<div class=\"elementor-element elementor-element-6d12acba elementor-widget elementor-widget-heading\" data-id=\"6d12acba\" data-element_type=\"widget\" data-e-type=\"widget\" data-widget_type=\"heading.default\">\n\t\t\t\t<div class=\"elementor-widget-container\">\n\t\t\t\t\t<h2 class=\"elementor-heading-title elementor-size-default\">Strategia SZS na lata 2020-2024<\/h2>\t\t\t\t<\/div>\n\t\t\t\t<\/div>\n\t\t\t\t\t<\/div>\n\t\t<\/div>\n\t\t\t\t<div class=\"elementor-column elementor-col-16 elementor-inner-column elementor-element elementor-element-1f21146a\" data-id=\"1f21146a\" data-element_type=\"column\" data-e-type=\"column\">\n\t\t\t<div class=\"elementor-widget-wrap elementor-element-populated\">\n\t\t\t\t\t\t<div class=\"elementor-element elementor-element-201ebe96 elementor-widget__width-initial elementor-view-default elementor-widget elementor-widget-icon\" data-id=\"201ebe96\" data-element_type=\"widget\" data-e-type=\"widget\" data-widget_type=\"icon.default\">\n\t\t\t\t<div class=\"elementor-widget-container\">\n\t\t\t\t\t\t\t<div class=\"elementor-icon-wrapper\">\n\t\t\t<div class=\"elementor-icon\">\n\t\t\t<svg xmlns=\"http:\/\/www.w3.org\/2000\/svg\" width=\"512.000000pt\" height=\"512.000000pt\" viewBox=\"0 0 512.000000 512.000000\" preserveAspectRatio=\"xMidYMid meet\"><g transform=\"translate(0.000000,512.000000) scale(0.100000,-0.100000)\" fill=\"#000000\" stroke=\"none\"><path d=\"M2492 4897 c-50 -19 -102 -65 -123 -111 -18 -40 -19 -106 -19 -1941 l0 -1900 -362 362 c-378 377 -409 402 -489 403 -84 0 -159 -47 -195 -124 -29 -62 -30 -117 -3 -176 27 -61 1103 -1140 1167 -1172 57 -27 136 -27 188 0 23 12 274 256 605 589 521 523 567 572 579 615 40 152 -106 303 -259 266 -42 -10 -76 -40 -421 -384 -207 -206 -379 -374 -383 -374 -4 0 -7 855 -7 1900 0 1862 0 1902 -19 1939 -50 97 -161 143 -259 108z\"><\/path><\/g><\/svg>\t\t\t<\/div>\n\t\t<\/div>\n\t\t\t\t\t\t<\/div>\n\t\t\t\t<\/div>\n\t\t\t\t\t<\/div>\n\t\t<\/div>\n\t\t\t\t\t<\/div>\n\t\t<\/div>\n\t\t\t\t\t<\/div>\n\t\t<\/div>\n\t\t\t\t\t<\/div>\n\t\t<\/section>\n\t\t\t\t<\/div>\n\t\t","protected":false},"excerpt":{"rendered":"<p>VIII Walny Zjazd Delegat\u00f3w Regulamin obrad Regulamin wybor\u00f3w Porz\u0105dek obrad Strategia SZS na lata 2020-2024<\/p>\n","protected":false},"author":1,"featured_media":0,"parent":203,"menu_order":0,"comment_status":"closed","ping_status":"closed","template":"","meta":{"footnotes":""},"class_list":["post-344","page","type-page","status-publish","hentry"],"yoast_head":"<!-- This site is optimized with the Yoast SEO plugin v27.4 - https:\/\/yoast.com\/product\/yoast-seo-wordpress\/ -->\n<title>XVIII Walny Zjazd Delegat\u00f3w 2016 - szs-kamien<\/title>\n<meta name=\"robots\" content=\"index, follow, max-snippet:-1, max-image-preview:large, max-video-preview:-1\" \/>\n<link rel=\"canonical\" href=\"https:\/\/www.szs-kamien.pl\/?page_id=344\" \/>\n<meta property=\"og:locale\" content=\"pl_PL\" \/>\n<meta property=\"og:type\" content=\"article\" \/>\n<meta property=\"og:title\" content=\"XVIII Walny Zjazd Delegat\u00f3w 2016 - szs-kamien\" \/>\n<meta property=\"og:description\" content=\"VIII Walny Zjazd Delegat\u00f3w Regulamin obrad Regulamin wybor\u00f3w Porz\u0105dek obrad Strategia SZS na lata 2020-2024\" \/>\n<meta property=\"og:url\" content=\"https:\/\/www.szs-kamien.pl\/?page_id=344\" \/>\n<meta property=\"og:site_name\" content=\"szs-kamien\" \/>\n<meta property=\"article:modified_time\" content=\"2025-04-27T20:23:18+00:00\" \/>\n<meta name=\"twitter:card\" content=\"summary_large_image\" \/>\n<meta name=\"twitter:label1\" content=\"Szacowany czas czytania\" \/>\n\t<meta name=\"twitter:data1\" content=\"1 minuta\" \/>\n<script type=\"application\/ld+json\" class=\"yoast-schema-graph\">{\"@context\":\"https:\\\/\\\/schema.org\",\"@graph\":[{\"@type\":\"WebPage\",\"@id\":\"https:\\\/\\\/www.szs-kamien.pl\\\/?page_id=344\",\"url\":\"https:\\\/\\\/www.szs-kamien.pl\\\/?page_id=344\",\"name\":\"XVIII Walny Zjazd Delegat\u00f3w 2016 - szs-kamien\",\"isPartOf\":{\"@id\":\"https:\\\/\\\/www.szs-kamien.pl\\\/#website\"},\"datePublished\":\"2024-12-15T09:01:17+00:00\",\"dateModified\":\"2025-04-27T20:23:18+00:00\",\"breadcrumb\":{\"@id\":\"https:\\\/\\\/www.szs-kamien.pl\\\/?page_id=344#breadcrumb\"},\"inLanguage\":\"pl-PL\",\"potentialAction\":[{\"@type\":\"ReadAction\",\"target\":[\"https:\\\/\\\/www.szs-kamien.pl\\\/?page_id=344\"]}]},{\"@type\":\"BreadcrumbList\",\"@id\":\"https:\\\/\\\/www.szs-kamien.pl\\\/?page_id=344#breadcrumb\",\"itemListElement\":[{\"@type\":\"ListItem\",\"position\":1,\"name\":\"Strona g\u0142\u00f3wna\",\"item\":\"https:\\\/\\\/www.szs-kamien.pl\\\/\"},{\"@type\":\"ListItem\",\"position\":2,\"name\":\"ZWI\u0104ZEK\",\"item\":\"https:\\\/\\\/www.szs-kamien.pl\\\/?page_id=26\"},{\"@type\":\"ListItem\",\"position\":3,\"name\":\"ZJAZDY DELEGAT\u00d3W\",\"item\":\"https:\\\/\\\/www.szs-kamien.pl\\\/?page_id=203\"},{\"@type\":\"ListItem\",\"position\":4,\"name\":\"XVIII Walny Zjazd Delegat\u00f3w 2016\"}]},{\"@type\":\"WebSite\",\"@id\":\"https:\\\/\\\/www.szs-kamien.pl\\\/#website\",\"url\":\"https:\\\/\\\/www.szs-kamien.pl\\\/\",\"name\":\"szs-kamien\",\"description\":\"Kolejna witryna WordPress\",\"publisher\":{\"@id\":\"https:\\\/\\\/www.szs-kamien.pl\\\/#organization\"},\"potentialAction\":[{\"@type\":\"SearchAction\",\"target\":{\"@type\":\"EntryPoint\",\"urlTemplate\":\"https:\\\/\\\/www.szs-kamien.pl\\\/?s={search_term_string}\"},\"query-input\":{\"@type\":\"PropertyValueSpecification\",\"valueRequired\":true,\"valueName\":\"search_term_string\"}}],\"inLanguage\":\"pl-PL\"},{\"@type\":\"Organization\",\"@id\":\"https:\\\/\\\/www.szs-kamien.pl\\\/#organization\",\"name\":\"szs-kamien\",\"url\":\"https:\\\/\\\/www.szs-kamien.pl\\\/\",\"logo\":{\"@type\":\"ImageObject\",\"inLanguage\":\"pl-PL\",\"@id\":\"https:\\\/\\\/www.szs-kamien.pl\\\/#\\\/schema\\\/logo\\\/image\\\/\",\"url\":\"https:\\\/\\\/www.szs-kamien.pl\\\/wp-content\\\/uploads\\\/2025\\\/01\\\/logo_szs1-e1745408005616.png\",\"contentUrl\":\"https:\\\/\\\/www.szs-kamien.pl\\\/wp-content\\\/uploads\\\/2025\\\/01\\\/logo_szs1-e1745408005616.png\",\"width\":1671,\"height\":1630,\"caption\":\"szs-kamien\"},\"image\":{\"@id\":\"https:\\\/\\\/www.szs-kamien.pl\\\/#\\\/schema\\\/logo\\\/image\\\/\"}}]}<\/script>\n<!-- \/ Yoast SEO plugin. -->","yoast_head_json":{"title":"XVIII Walny Zjazd Delegat\u00f3w 2016 - szs-kamien","robots":{"index":"index","follow":"follow","max-snippet":"max-snippet:-1","max-image-preview":"max-image-preview:large","max-video-preview":"max-video-preview:-1"},"canonical":"https:\/\/www.szs-kamien.pl\/?page_id=344","og_locale":"pl_PL","og_type":"article","og_title":"XVIII Walny Zjazd Delegat\u00f3w 2016 - szs-kamien","og_description":"VIII Walny Zjazd Delegat\u00f3w Regulamin obrad Regulamin wybor\u00f3w Porz\u0105dek obrad Strategia SZS na lata 2020-2024","og_url":"https:\/\/www.szs-kamien.pl\/?page_id=344","og_site_name":"szs-kamien","article_modified_time":"2025-04-27T20:23:18+00:00","twitter_card":"summary_large_image","twitter_misc":{"Szacowany czas czytania":"1 minuta"},"schema":{"@context":"https:\/\/schema.org","@graph":[{"@type":"WebPage","@id":"https:\/\/www.szs-kamien.pl\/?page_id=344","url":"https:\/\/www.szs-kamien.pl\/?page_id=344","name":"XVIII Walny Zjazd Delegat\u00f3w 2016 - szs-kamien","isPartOf":{"@id":"https:\/\/www.szs-kamien.pl\/#website"},"datePublished":"2024-12-15T09:01:17+00:00","dateModified":"2025-04-27T20:23:18+00:00","breadcrumb":{"@id":"https:\/\/www.szs-kamien.pl\/?page_id=344#breadcrumb"},"inLanguage":"pl-PL","potentialAction":[{"@type":"ReadAction","target":["https:\/\/www.szs-kamien.pl\/?page_id=344"]}]},{"@type":"BreadcrumbList","@id":"https:\/\/www.szs-kamien.pl\/?page_id=344#breadcrumb","itemListElement":[{"@type":"ListItem","position":1,"name":"Strona g\u0142\u00f3wna","item":"https:\/\/www.szs-kamien.pl\/"},{"@type":"ListItem","position":2,"name":"ZWI\u0104ZEK","item":"https:\/\/www.szs-kamien.pl\/?page_id=26"},{"@type":"ListItem","position":3,"name":"ZJAZDY DELEGAT\u00d3W","item":"https:\/\/www.szs-kamien.pl\/?page_id=203"},{"@type":"ListItem","position":4,"name":"XVIII Walny Zjazd Delegat\u00f3w 2016"}]},{"@type":"WebSite","@id":"https:\/\/www.szs-kamien.pl\/#website","url":"https:\/\/www.szs-kamien.pl\/","name":"szs-kamien","description":"Kolejna witryna WordPress","publisher":{"@id":"https:\/\/www.szs-kamien.pl\/#organization"},"potentialAction":[{"@type":"SearchAction","target":{"@type":"EntryPoint","urlTemplate":"https:\/\/www.szs-kamien.pl\/?s={search_term_string}"},"query-input":{"@type":"PropertyValueSpecification","valueRequired":true,"valueName":"search_term_string"}}],"inLanguage":"pl-PL"},{"@type":"Organization","@id":"https:\/\/www.szs-kamien.pl\/#organization","name":"szs-kamien","url":"https:\/\/www.szs-kamien.pl\/","logo":{"@type":"ImageObject","inLanguage":"pl-PL","@id":"https:\/\/www.szs-kamien.pl\/#\/schema\/logo\/image\/","url":"https:\/\/www.szs-kamien.pl\/wp-content\/uploads\/2025\/01\/logo_szs1-e1745408005616.png","contentUrl":"https:\/\/www.szs-kamien.pl\/wp-content\/uploads\/2025\/01\/logo_szs1-e1745408005616.png","width":1671,"height":1630,"caption":"szs-kamien"},"image":{"@id":"https:\/\/www.szs-kamien.pl\/#\/schema\/logo\/image\/"}}]}},"_links":{"self":[{"href":"https:\/\/www.szs-kamien.pl\/index.php?rest_route=\/wp\/v2\/pages\/344","targetHints":{"allow":["GET"]}}],"collection":[{"href":"https:\/\/www.szs-kamien.pl\/index.php?rest_route=\/wp\/v2\/pages"}],"about":[{"href":"https:\/\/www.szs-kamien.pl\/index.php?rest_route=\/wp\/v2\/types\/page"}],"author":[{"embeddable":true,"href":"https:\/\/www.szs-kamien.pl\/index.php?rest_route=\/wp\/v2\/users\/1"}],"replies":[{"embeddable":true,"href":"https:\/\/www.szs-kamien.pl\/index.php?rest_route=%2Fwp%2Fv2%2Fcomments&post=344"}],"version-history":[{"count":6,"href":"https:\/\/www.szs-kamien.pl\/index.php?rest_route=\/wp\/v2\/pages\/344\/revisions"}],"predecessor-version":[{"id":2156,"href":"https:\/\/www.szs-kamien.pl\/index.php?rest_route=\/wp\/v2\/pages\/344\/revisions\/2156"}],"up":[{"embeddable":true,"href":"https:\/\/www.szs-kamien.pl\/index.php?rest_route=\/wp\/v2\/pages\/203"}],"wp:attachment":[{"href":"https:\/\/www.szs-kamien.pl\/index.php?rest_route=%2Fwp%2Fv2%2Fmedia&parent=344"}],"curies":[{"name":"wp","href":"https:\/\/api.w.org\/{rel}","templated":true}]}}