{"id":354,"date":"2024-12-15T09:02:08","date_gmt":"2024-12-15T09:02:08","guid":{"rendered":"https:\/\/www.testystronadlakazdego.pl\/?page_id=354"},"modified":"2025-04-27T20:01:15","modified_gmt":"2025-04-27T20:01:15","slug":"nadzwyczajny-zjazd-delegatow","status":"publish","type":"page","link":"https:\/\/www.szs-kamien.pl\/?page_id=354","title":{"rendered":"Nadzwyczajny Zjazd Delegat\u00f3w"},"content":{"rendered":"\t\t<div data-elementor-type=\"wp-page\" data-elementor-id=\"354\" class=\"elementor elementor-354\" data-elementor-post-type=\"page\">\n\t\t\t\t\t\t<section class=\"elementor-section elementor-top-section elementor-element elementor-element-bcd2aac elementor-section-boxed elementor-section-height-default elementor-section-height-default\" data-id=\"bcd2aac\" data-element_type=\"section\" data-e-type=\"section\">\n\t\t\t\t\t\t<div class=\"elementor-container elementor-column-gap-default\">\n\t\t\t\t\t<div class=\"elementor-column elementor-col-100 elementor-top-column elementor-element elementor-element-73183a55\" data-id=\"73183a55\" data-element_type=\"column\" data-e-type=\"column\">\n\t\t\t<div class=\"elementor-widget-wrap elementor-element-populated\">\n\t\t\t\t\t\t<div class=\"elementor-element elementor-element-1a2da383 elementor-widget elementor-widget-heading\" data-id=\"1a2da383\" data-element_type=\"widget\" data-e-type=\"widget\" data-widget_type=\"heading.default\">\n\t\t\t\t<div class=\"elementor-widget-container\">\n\t\t\t\t\t<h2 class=\"elementor-heading-title elementor-size-default\">XIII Walny Zjazd Delegat\u00f3w <\/h2>\t\t\t\t<\/div>\n\t\t\t\t<\/div>\n\t\t\t\t\t<\/div>\n\t\t<\/div>\n\t\t\t\t\t<\/div>\n\t\t<\/section>\n\t\t\t\t<section class=\"elementor-section elementor-top-section elementor-element elementor-element-39359f6c elementor-section-boxed elementor-section-height-default elementor-section-height-default\" data-id=\"39359f6c\" data-element_type=\"section\" data-e-type=\"section\">\n\t\t\t\t\t\t<div class=\"elementor-container elementor-column-gap-default\">\n\t\t\t\t\t<div class=\"elementor-column elementor-col-50 elementor-top-column elementor-element elementor-element-2025b36c\" data-id=\"2025b36c\" data-element_type=\"column\" data-e-type=\"column\">\n\t\t\t<div class=\"elementor-widget-wrap elementor-element-populated\">\n\t\t\t\t\t\t<section class=\"elementor-section elementor-inner-section elementor-element elementor-element-22b1c148 elementor-section-boxed elementor-section-height-default elementor-section-height-default\" data-id=\"22b1c148\" data-element_type=\"section\" data-e-type=\"section\" data-settings=\"{&quot;background_background&quot;:&quot;classic&quot;}\">\n\t\t\t\t\t\t<div class=\"elementor-container elementor-column-gap-default\">\n\t\t\t\t\t<div class=\"elementor-column elementor-col-16 elementor-inner-column elementor-element elementor-element-2c1fa66b\" data-id=\"2c1fa66b\" data-element_type=\"column\" data-e-type=\"column\">\n\t\t\t<div class=\"elementor-widget-wrap elementor-element-populated\">\n\t\t\t\t\t\t<div class=\"elementor-element elementor-element-539961fd elementor-view-default elementor-widget elementor-widget-icon\" data-id=\"539961fd\" data-element_type=\"widget\" data-e-type=\"widget\" data-widget_type=\"icon.default\">\n\t\t\t\t<div class=\"elementor-widget-container\">\n\t\t\t\t\t\t\t<div class=\"elementor-icon-wrapper\">\n\t\t\t<div class=\"elementor-icon\">\n\t\t\t<i aria-hidden=\"true\" class=\"fas fa-paperclip\"><\/i>\t\t\t<\/div>\n\t\t<\/div>\n\t\t\t\t\t\t<\/div>\n\t\t\t\t<\/div>\n\t\t\t\t\t<\/div>\n\t\t<\/div>\n\t\t\t\t<div class=\"elementor-column elementor-col-66 elementor-inner-column elementor-element elementor-element-155e45d5\" data-id=\"155e45d5\" data-element_type=\"column\" data-e-type=\"column\">\n\t\t\t<div class=\"elementor-widget-wrap elementor-element-populated\">\n\t\t\t\t\t\t<div class=\"elementor-element elementor-element-1b9ba18e elementor-widget elementor-widget-heading\" data-id=\"1b9ba18e\" data-element_type=\"widget\" data-e-type=\"widget\" data-widget_type=\"heading.default\">\n\t\t\t\t<div class=\"elementor-widget-container\">\n\t\t\t\t\t<h2 class=\"elementor-heading-title elementor-size-default\">Regulamin obrad NWZD<\/h2>\t\t\t\t<\/div>\n\t\t\t\t<\/div>\n\t\t\t\t\t<\/div>\n\t\t<\/div>\n\t\t\t\t<div class=\"elementor-column elementor-col-16 elementor-inner-column elementor-element elementor-element-767c4294\" data-id=\"767c4294\" data-element_type=\"column\" data-e-type=\"column\">\n\t\t\t<div class=\"elementor-widget-wrap elementor-element-populated\">\n\t\t\t\t\t\t<div class=\"elementor-element elementor-element-7a74d83a elementor-widget__width-initial elementor-view-default elementor-widget elementor-widget-icon\" data-id=\"7a74d83a\" data-element_type=\"widget\" data-e-type=\"widget\" data-widget_type=\"icon.default\">\n\t\t\t\t<div class=\"elementor-widget-container\">\n\t\t\t\t\t\t\t<div class=\"elementor-icon-wrapper\">\n\t\t\t<div class=\"elementor-icon\">\n\t\t\t<svg xmlns=\"http:\/\/www.w3.org\/2000\/svg\" width=\"512.000000pt\" height=\"512.000000pt\" viewBox=\"0 0 512.000000 512.000000\" preserveAspectRatio=\"xMidYMid meet\"><g transform=\"translate(0.000000,512.000000) scale(0.100000,-0.100000)\" fill=\"#000000\" stroke=\"none\"><path d=\"M2492 4897 c-50 -19 -102 -65 -123 -111 -18 -40 -19 -106 -19 -1941 l0 -1900 -362 362 c-378 377 -409 402 -489 403 -84 0 -159 -47 -195 -124 -29 -62 -30 -117 -3 -176 27 -61 1103 -1140 1167 -1172 57 -27 136 -27 188 0 23 12 274 256 605 589 521 523 567 572 579 615 40 152 -106 303 -259 266 -42 -10 -76 -40 -421 -384 -207 -206 -379 -374 -383 -374 -4 0 -7 855 -7 1900 0 1862 0 1902 -19 1939 -50 97 -161 143 -259 108z\"><\/path><\/g><\/svg>\t\t\t<\/div>\n\t\t<\/div>\n\t\t\t\t\t\t<\/div>\n\t\t\t\t<\/div>\n\t\t\t\t\t<\/div>\n\t\t<\/div>\n\t\t\t\t\t<\/div>\n\t\t<\/section>\n\t\t\t\t\t<\/div>\n\t\t<\/div>\n\t\t\t\t<div class=\"elementor-column elementor-col-50 elementor-top-column elementor-element elementor-element-36e03f3\" data-id=\"36e03f3\" data-element_type=\"column\" data-e-type=\"column\">\n\t\t\t<div class=\"elementor-widget-wrap elementor-element-populated\">\n\t\t\t\t\t\t<div class=\"elementor-section elementor-inner-section elementor-element elementor-element-6ed3c34 elementor-section-boxed elementor-section-height-default elementor-section-height-default\" data-id=\"6ed3c34\" data-element_type=\"section\" data-e-type=\"section\" data-settings=\"{&quot;background_background&quot;:&quot;classic&quot;}\">\n\t\t\t\t\t\t<div class=\"elementor-container elementor-column-gap-default\">\n\t\t\t\t\t<div class=\"elementor-column elementor-col-16 elementor-inner-column elementor-element elementor-element-37312153\" data-id=\"37312153\" data-element_type=\"column\" data-e-type=\"column\">\n\t\t\t<div class=\"elementor-widget-wrap elementor-element-populated\">\n\t\t\t\t\t\t<div class=\"elementor-element elementor-element-4b8f42e7 elementor-view-default elementor-widget elementor-widget-icon\" data-id=\"4b8f42e7\" data-element_type=\"widget\" data-e-type=\"widget\" data-widget_type=\"icon.default\">\n\t\t\t\t<div class=\"elementor-widget-container\">\n\t\t\t\t\t\t\t<div class=\"elementor-icon-wrapper\">\n\t\t\t<div class=\"elementor-icon\">\n\t\t\t<i aria-hidden=\"true\" class=\"fas fa-paperclip\"><\/i>\t\t\t<\/div>\n\t\t<\/div>\n\t\t\t\t\t\t<\/div>\n\t\t\t\t<\/div>\n\t\t\t\t\t<\/div>\n\t\t<\/div>\n\t\t\t\t<div class=\"elementor-column elementor-col-66 elementor-inner-column elementor-element elementor-element-236c31dc\" data-id=\"236c31dc\" data-element_type=\"column\" data-e-type=\"column\">\n\t\t\t<div class=\"elementor-widget-wrap elementor-element-populated\">\n\t\t\t\t\t\t<div class=\"elementor-element elementor-element-2c1c3a5b elementor-widget elementor-widget-heading\" data-id=\"2c1c3a5b\" data-element_type=\"widget\" data-e-type=\"widget\" data-widget_type=\"heading.default\">\n\t\t\t\t<div class=\"elementor-widget-container\">\n\t\t\t\t\t<h2 class=\"elementor-heading-title elementor-size-default\">Statut z uwagami do zmiany<\/h2>\t\t\t\t<\/div>\n\t\t\t\t<\/div>\n\t\t\t\t\t<\/div>\n\t\t<\/div>\n\t\t\t\t<div class=\"elementor-column elementor-col-16 elementor-inner-column elementor-element elementor-element-448a5c4b\" data-id=\"448a5c4b\" data-element_type=\"column\" data-e-type=\"column\">\n\t\t\t<div class=\"elementor-widget-wrap elementor-element-populated\">\n\t\t\t\t\t\t<div class=\"elementor-element elementor-element-3b45c660 elementor-widget__width-initial elementor-view-default elementor-widget elementor-widget-icon\" data-id=\"3b45c660\" data-element_type=\"widget\" data-e-type=\"widget\" data-widget_type=\"icon.default\">\n\t\t\t\t<div class=\"elementor-widget-container\">\n\t\t\t\t\t\t\t<div class=\"elementor-icon-wrapper\">\n\t\t\t<div class=\"elementor-icon\">\n\t\t\t<svg xmlns=\"http:\/\/www.w3.org\/2000\/svg\" width=\"512.000000pt\" height=\"512.000000pt\" viewBox=\"0 0 512.000000 512.000000\" preserveAspectRatio=\"xMidYMid meet\"><g transform=\"translate(0.000000,512.000000) scale(0.100000,-0.100000)\" fill=\"#000000\" stroke=\"none\"><path d=\"M2492 4897 c-50 -19 -102 -65 -123 -111 -18 -40 -19 -106 -19 -1941 l0 -1900 -362 362 c-378 377 -409 402 -489 403 -84 0 -159 -47 -195 -124 -29 -62 -30 -117 -3 -176 27 -61 1103 -1140 1167 -1172 57 -27 136 -27 188 0 23 12 274 256 605 589 521 523 567 572 579 615 40 152 -106 303 -259 266 -42 -10 -76 -40 -421 -384 -207 -206 -379 -374 -383 -374 -4 0 -7 855 -7 1900 0 1862 0 1902 -19 1939 -50 97 -161 143 -259 108z\"><\/path><\/g><\/svg>\t\t\t<\/div>\n\t\t<\/div>\n\t\t\t\t\t\t<\/div>\n\t\t\t\t<\/div>\n\t\t\t\t\t<\/div>\n\t\t<\/div>\n\t\t\t\t\t<\/div>\n\t\t<\/div>\n\t\t\t\t\t<\/div>\n\t\t<\/div>\n\t\t\t\t\t<\/div>\n\t\t<\/section>\n\t\t\t\t<section class=\"elementor-section elementor-top-section elementor-element elementor-element-92bc789 elementor-section-boxed elementor-section-height-default elementor-section-height-default\" data-id=\"92bc789\" data-element_type=\"section\" data-e-type=\"section\">\n\t\t\t\t\t\t<div class=\"elementor-container elementor-column-gap-default\">\n\t\t\t\t\t<div class=\"elementor-column elementor-col-50 elementor-top-column elementor-element elementor-element-628bcc79\" data-id=\"628bcc79\" data-element_type=\"column\" data-e-type=\"column\">\n\t\t\t<div class=\"elementor-widget-wrap elementor-element-populated\">\n\t\t\t\t\t\t<section class=\"elementor-section elementor-inner-section elementor-element elementor-element-5cf35510 elementor-section-boxed elementor-section-height-default elementor-section-height-default\" data-id=\"5cf35510\" data-element_type=\"section\" data-e-type=\"section\" data-settings=\"{&quot;background_background&quot;:&quot;classic&quot;}\">\n\t\t\t\t\t\t<div class=\"elementor-container elementor-column-gap-default\">\n\t\t\t\t\t<div class=\"elementor-column elementor-col-16 elementor-inner-column elementor-element elementor-element-64ea081d\" data-id=\"64ea081d\" data-element_type=\"column\" data-e-type=\"column\">\n\t\t\t<div class=\"elementor-widget-wrap elementor-element-populated\">\n\t\t\t\t\t\t<div class=\"elementor-element elementor-element-69b7f370 elementor-view-default elementor-widget elementor-widget-icon\" data-id=\"69b7f370\" data-element_type=\"widget\" data-e-type=\"widget\" data-widget_type=\"icon.default\">\n\t\t\t\t<div class=\"elementor-widget-container\">\n\t\t\t\t\t\t\t<div class=\"elementor-icon-wrapper\">\n\t\t\t<div class=\"elementor-icon\">\n\t\t\t<i aria-hidden=\"true\" class=\"fas fa-paperclip\"><\/i>\t\t\t<\/div>\n\t\t<\/div>\n\t\t\t\t\t\t<\/div>\n\t\t\t\t<\/div>\n\t\t\t\t\t<\/div>\n\t\t<\/div>\n\t\t\t\t<div class=\"elementor-column elementor-col-66 elementor-inner-column elementor-element elementor-element-976e6cf\" data-id=\"976e6cf\" data-element_type=\"column\" data-e-type=\"column\">\n\t\t\t<div class=\"elementor-widget-wrap elementor-element-populated\">\n\t\t\t\t\t\t<div class=\"elementor-element elementor-element-2ca1b718 elementor-widget elementor-widget-heading\" data-id=\"2ca1b718\" data-element_type=\"widget\" data-e-type=\"widget\" data-widget_type=\"heading.default\">\n\t\t\t\t<div class=\"elementor-widget-container\">\n\t\t\t\t\t<h2 class=\"elementor-heading-title elementor-size-default\">Porz\u0105dek obrad<\/h2>\t\t\t\t<\/div>\n\t\t\t\t<\/div>\n\t\t\t\t\t<\/div>\n\t\t<\/div>\n\t\t\t\t<div class=\"elementor-column elementor-col-16 elementor-inner-column elementor-element elementor-element-1864cc75\" data-id=\"1864cc75\" data-element_type=\"column\" data-e-type=\"column\">\n\t\t\t<div class=\"elementor-widget-wrap elementor-element-populated\">\n\t\t\t\t\t\t<div class=\"elementor-element elementor-element-40364b88 elementor-widget__width-initial elementor-view-default elementor-widget elementor-widget-icon\" data-id=\"40364b88\" data-element_type=\"widget\" data-e-type=\"widget\" data-widget_type=\"icon.default\">\n\t\t\t\t<div class=\"elementor-widget-container\">\n\t\t\t\t\t\t\t<div class=\"elementor-icon-wrapper\">\n\t\t\t<div class=\"elementor-icon\">\n\t\t\t<svg xmlns=\"http:\/\/www.w3.org\/2000\/svg\" width=\"512.000000pt\" height=\"512.000000pt\" viewBox=\"0 0 512.000000 512.000000\" preserveAspectRatio=\"xMidYMid meet\"><g transform=\"translate(0.000000,512.000000) scale(0.100000,-0.100000)\" fill=\"#000000\" stroke=\"none\"><path d=\"M2492 4897 c-50 -19 -102 -65 -123 -111 -18 -40 -19 -106 -19 -1941 l0 -1900 -362 362 c-378 377 -409 402 -489 403 -84 0 -159 -47 -195 -124 -29 -62 -30 -117 -3 -176 27 -61 1103 -1140 1167 -1172 57 -27 136 -27 188 0 23 12 274 256 605 589 521 523 567 572 579 615 40 152 -106 303 -259 266 -42 -10 -76 -40 -421 -384 -207 -206 -379 -374 -383 -374 -4 0 -7 855 -7 1900 0 1862 0 1902 -19 1939 -50 97 -161 143 -259 108z\"><\/path><\/g><\/svg>\t\t\t<\/div>\n\t\t<\/div>\n\t\t\t\t\t\t<\/div>\n\t\t\t\t<\/div>\n\t\t\t\t\t<\/div>\n\t\t<\/div>\n\t\t\t\t\t<\/div>\n\t\t<\/section>\n\t\t\t\t\t<\/div>\n\t\t<\/div>\n\t\t\t\t<div class=\"elementor-column elementor-col-50 elementor-top-column elementor-element elementor-element-37e1c29c\" data-id=\"37e1c29c\" data-element_type=\"column\" data-e-type=\"column\">\n\t\t\t<div class=\"elementor-widget-wrap elementor-element-populated\">\n\t\t\t\t\t\t<div class=\"elementor-section elementor-inner-section elementor-element elementor-element-602760b2 elementor-section-boxed elementor-section-height-default elementor-section-height-default\" data-id=\"602760b2\" data-element_type=\"section\" data-e-type=\"section\" data-settings=\"{&quot;background_background&quot;:&quot;classic&quot;}\">\n\t\t\t\t\t\t<div class=\"elementor-container elementor-column-gap-default\">\n\t\t\t\t\t<div class=\"elementor-column elementor-col-16 elementor-inner-column elementor-element elementor-element-2c02d244\" data-id=\"2c02d244\" data-element_type=\"column\" data-e-type=\"column\">\n\t\t\t<div class=\"elementor-widget-wrap elementor-element-populated\">\n\t\t\t\t\t\t<div class=\"elementor-element elementor-element-228e81b6 elementor-view-default elementor-widget elementor-widget-icon\" data-id=\"228e81b6\" data-element_type=\"widget\" data-e-type=\"widget\" data-widget_type=\"icon.default\">\n\t\t\t\t<div class=\"elementor-widget-container\">\n\t\t\t\t\t\t\t<div class=\"elementor-icon-wrapper\">\n\t\t\t<div class=\"elementor-icon\">\n\t\t\t<i aria-hidden=\"true\" class=\"fas fa-paperclip\"><\/i>\t\t\t<\/div>\n\t\t<\/div>\n\t\t\t\t\t\t<\/div>\n\t\t\t\t<\/div>\n\t\t\t\t\t<\/div>\n\t\t<\/div>\n\t\t\t\t<div class=\"elementor-column elementor-col-66 elementor-inner-column elementor-element elementor-element-9e4f8e\" data-id=\"9e4f8e\" data-element_type=\"column\" data-e-type=\"column\">\n\t\t\t<div class=\"elementor-widget-wrap elementor-element-populated\">\n\t\t\t\t\t\t<div class=\"elementor-element elementor-element-3b5018e2 elementor-widget elementor-widget-heading\" data-id=\"3b5018e2\" data-element_type=\"widget\" data-e-type=\"widget\" data-widget_type=\"heading.default\">\n\t\t\t\t<div class=\"elementor-widget-container\">\n\t\t\t\t\t<h2 class=\"elementor-heading-title elementor-size-default\">Statut w nowym brzmieniu<\/h2>\t\t\t\t<\/div>\n\t\t\t\t<\/div>\n\t\t\t\t\t<\/div>\n\t\t<\/div>\n\t\t\t\t<div class=\"elementor-column elementor-col-16 elementor-inner-column elementor-element elementor-element-6410e1e\" data-id=\"6410e1e\" data-element_type=\"column\" data-e-type=\"column\">\n\t\t\t<div class=\"elementor-widget-wrap elementor-element-populated\">\n\t\t\t\t\t\t<div class=\"elementor-element elementor-element-180b14e2 elementor-widget__width-initial elementor-view-default elementor-widget elementor-widget-icon\" data-id=\"180b14e2\" data-element_type=\"widget\" data-e-type=\"widget\" data-widget_type=\"icon.default\">\n\t\t\t\t<div class=\"elementor-widget-container\">\n\t\t\t\t\t\t\t<div class=\"elementor-icon-wrapper\">\n\t\t\t<div class=\"elementor-icon\">\n\t\t\t<svg xmlns=\"http:\/\/www.w3.org\/2000\/svg\" width=\"512.000000pt\" height=\"512.000000pt\" viewBox=\"0 0 512.000000 512.000000\" preserveAspectRatio=\"xMidYMid meet\"><g transform=\"translate(0.000000,512.000000) scale(0.100000,-0.100000)\" fill=\"#000000\" stroke=\"none\"><path d=\"M2492 4897 c-50 -19 -102 -65 -123 -111 -18 -40 -19 -106 -19 -1941 l0 -1900 -362 362 c-378 377 -409 402 -489 403 -84 0 -159 -47 -195 -124 -29 -62 -30 -117 -3 -176 27 -61 1103 -1140 1167 -1172 57 -27 136 -27 188 0 23 12 274 256 605 589 521 523 567 572 579 615 40 152 -106 303 -259 266 -42 -10 -76 -40 -421 -384 -207 -206 -379 -374 -383 -374 -4 0 -7 855 -7 1900 0 1862 0 1902 -19 1939 -50 97 -161 143 -259 108z\"><\/path><\/g><\/svg>\t\t\t<\/div>\n\t\t<\/div>\n\t\t\t\t\t\t<\/div>\n\t\t\t\t<\/div>\n\t\t\t\t\t<\/div>\n\t\t<\/div>\n\t\t\t\t\t<\/div>\n\t\t<\/div>\n\t\t\t\t\t<\/div>\n\t\t<\/div>\n\t\t\t\t\t<\/div>\n\t\t<\/section>\n\t\t\t\t<\/div>\n\t\t","protected":false},"excerpt":{"rendered":"<p>XIII Walny Zjazd Delegat\u00f3w Regulamin obrad NWZD Statut z uwagami do zmiany Porz\u0105dek obrad Statut w nowym brzmieniu<\/p>\n","protected":false},"author":1,"featured_media":0,"parent":203,"menu_order":0,"comment_status":"closed","ping_status":"closed","template":"","meta":{"footnotes":""},"class_list":["post-354","page","type-page","status-publish","hentry"],"yoast_head":"<!-- This site is optimized with the Yoast SEO plugin v27.4 - https:\/\/yoast.com\/product\/yoast-seo-wordpress\/ -->\n<title>Nadzwyczajny Zjazd Delegat\u00f3w - szs-kamien<\/title>\n<meta name=\"robots\" content=\"index, follow, max-snippet:-1, max-image-preview:large, max-video-preview:-1\" \/>\n<link rel=\"canonical\" href=\"https:\/\/www.szs-kamien.pl\/?page_id=354\" \/>\n<meta property=\"og:locale\" content=\"pl_PL\" \/>\n<meta property=\"og:type\" content=\"article\" \/>\n<meta property=\"og:title\" content=\"Nadzwyczajny Zjazd Delegat\u00f3w - szs-kamien\" \/>\n<meta property=\"og:description\" content=\"XIII Walny Zjazd Delegat\u00f3w Regulamin obrad NWZD Statut z uwagami do zmiany Porz\u0105dek obrad Statut w nowym brzmieniu\" \/>\n<meta property=\"og:url\" content=\"https:\/\/www.szs-kamien.pl\/?page_id=354\" \/>\n<meta property=\"og:site_name\" content=\"szs-kamien\" \/>\n<meta property=\"article:modified_time\" content=\"2025-04-27T20:01:15+00:00\" \/>\n<meta name=\"twitter:card\" content=\"summary_large_image\" \/>\n<meta name=\"twitter:label1\" content=\"Szacowany czas czytania\" \/>\n\t<meta name=\"twitter:data1\" content=\"1 minuta\" \/>\n<script type=\"application\/ld+json\" class=\"yoast-schema-graph\">{\"@context\":\"https:\\\/\\\/schema.org\",\"@graph\":[{\"@type\":\"WebPage\",\"@id\":\"https:\\\/\\\/www.szs-kamien.pl\\\/?page_id=354\",\"url\":\"https:\\\/\\\/www.szs-kamien.pl\\\/?page_id=354\",\"name\":\"Nadzwyczajny Zjazd Delegat\u00f3w - szs-kamien\",\"isPartOf\":{\"@id\":\"https:\\\/\\\/www.szs-kamien.pl\\\/#website\"},\"datePublished\":\"2024-12-15T09:02:08+00:00\",\"dateModified\":\"2025-04-27T20:01:15+00:00\",\"breadcrumb\":{\"@id\":\"https:\\\/\\\/www.szs-kamien.pl\\\/?page_id=354#breadcrumb\"},\"inLanguage\":\"pl-PL\",\"potentialAction\":[{\"@type\":\"ReadAction\",\"target\":[\"https:\\\/\\\/www.szs-kamien.pl\\\/?page_id=354\"]}]},{\"@type\":\"BreadcrumbList\",\"@id\":\"https:\\\/\\\/www.szs-kamien.pl\\\/?page_id=354#breadcrumb\",\"itemListElement\":[{\"@type\":\"ListItem\",\"position\":1,\"name\":\"Strona g\u0142\u00f3wna\",\"item\":\"https:\\\/\\\/www.szs-kamien.pl\\\/\"},{\"@type\":\"ListItem\",\"position\":2,\"name\":\"ZWI\u0104ZEK\",\"item\":\"https:\\\/\\\/www.szs-kamien.pl\\\/?page_id=26\"},{\"@type\":\"ListItem\",\"position\":3,\"name\":\"ZJAZDY DELEGAT\u00d3W\",\"item\":\"https:\\\/\\\/www.szs-kamien.pl\\\/?page_id=203\"},{\"@type\":\"ListItem\",\"position\":4,\"name\":\"Nadzwyczajny Zjazd Delegat\u00f3w\"}]},{\"@type\":\"WebSite\",\"@id\":\"https:\\\/\\\/www.szs-kamien.pl\\\/#website\",\"url\":\"https:\\\/\\\/www.szs-kamien.pl\\\/\",\"name\":\"szs-kamien\",\"description\":\"Kolejna witryna WordPress\",\"publisher\":{\"@id\":\"https:\\\/\\\/www.szs-kamien.pl\\\/#organization\"},\"potentialAction\":[{\"@type\":\"SearchAction\",\"target\":{\"@type\":\"EntryPoint\",\"urlTemplate\":\"https:\\\/\\\/www.szs-kamien.pl\\\/?s={search_term_string}\"},\"query-input\":{\"@type\":\"PropertyValueSpecification\",\"valueRequired\":true,\"valueName\":\"search_term_string\"}}],\"inLanguage\":\"pl-PL\"},{\"@type\":\"Organization\",\"@id\":\"https:\\\/\\\/www.szs-kamien.pl\\\/#organization\",\"name\":\"szs-kamien\",\"url\":\"https:\\\/\\\/www.szs-kamien.pl\\\/\",\"logo\":{\"@type\":\"ImageObject\",\"inLanguage\":\"pl-PL\",\"@id\":\"https:\\\/\\\/www.szs-kamien.pl\\\/#\\\/schema\\\/logo\\\/image\\\/\",\"url\":\"https:\\\/\\\/www.szs-kamien.pl\\\/wp-content\\\/uploads\\\/2025\\\/01\\\/logo_szs1-e1745408005616.png\",\"contentUrl\":\"https:\\\/\\\/www.szs-kamien.pl\\\/wp-content\\\/uploads\\\/2025\\\/01\\\/logo_szs1-e1745408005616.png\",\"width\":1671,\"height\":1630,\"caption\":\"szs-kamien\"},\"image\":{\"@id\":\"https:\\\/\\\/www.szs-kamien.pl\\\/#\\\/schema\\\/logo\\\/image\\\/\"}}]}<\/script>\n<!-- \/ Yoast SEO plugin. -->","yoast_head_json":{"title":"Nadzwyczajny Zjazd Delegat\u00f3w - szs-kamien","robots":{"index":"index","follow":"follow","max-snippet":"max-snippet:-1","max-image-preview":"max-image-preview:large","max-video-preview":"max-video-preview:-1"},"canonical":"https:\/\/www.szs-kamien.pl\/?page_id=354","og_locale":"pl_PL","og_type":"article","og_title":"Nadzwyczajny Zjazd Delegat\u00f3w - szs-kamien","og_description":"XIII Walny Zjazd Delegat\u00f3w Regulamin obrad NWZD Statut z uwagami do zmiany Porz\u0105dek obrad Statut w nowym brzmieniu","og_url":"https:\/\/www.szs-kamien.pl\/?page_id=354","og_site_name":"szs-kamien","article_modified_time":"2025-04-27T20:01:15+00:00","twitter_card":"summary_large_image","twitter_misc":{"Szacowany czas czytania":"1 minuta"},"schema":{"@context":"https:\/\/schema.org","@graph":[{"@type":"WebPage","@id":"https:\/\/www.szs-kamien.pl\/?page_id=354","url":"https:\/\/www.szs-kamien.pl\/?page_id=354","name":"Nadzwyczajny Zjazd Delegat\u00f3w - szs-kamien","isPartOf":{"@id":"https:\/\/www.szs-kamien.pl\/#website"},"datePublished":"2024-12-15T09:02:08+00:00","dateModified":"2025-04-27T20:01:15+00:00","breadcrumb":{"@id":"https:\/\/www.szs-kamien.pl\/?page_id=354#breadcrumb"},"inLanguage":"pl-PL","potentialAction":[{"@type":"ReadAction","target":["https:\/\/www.szs-kamien.pl\/?page_id=354"]}]},{"@type":"BreadcrumbList","@id":"https:\/\/www.szs-kamien.pl\/?page_id=354#breadcrumb","itemListElement":[{"@type":"ListItem","position":1,"name":"Strona g\u0142\u00f3wna","item":"https:\/\/www.szs-kamien.pl\/"},{"@type":"ListItem","position":2,"name":"ZWI\u0104ZEK","item":"https:\/\/www.szs-kamien.pl\/?page_id=26"},{"@type":"ListItem","position":3,"name":"ZJAZDY DELEGAT\u00d3W","item":"https:\/\/www.szs-kamien.pl\/?page_id=203"},{"@type":"ListItem","position":4,"name":"Nadzwyczajny Zjazd Delegat\u00f3w"}]},{"@type":"WebSite","@id":"https:\/\/www.szs-kamien.pl\/#website","url":"https:\/\/www.szs-kamien.pl\/","name":"szs-kamien","description":"Kolejna witryna WordPress","publisher":{"@id":"https:\/\/www.szs-kamien.pl\/#organization"},"potentialAction":[{"@type":"SearchAction","target":{"@type":"EntryPoint","urlTemplate":"https:\/\/www.szs-kamien.pl\/?s={search_term_string}"},"query-input":{"@type":"PropertyValueSpecification","valueRequired":true,"valueName":"search_term_string"}}],"inLanguage":"pl-PL"},{"@type":"Organization","@id":"https:\/\/www.szs-kamien.pl\/#organization","name":"szs-kamien","url":"https:\/\/www.szs-kamien.pl\/","logo":{"@type":"ImageObject","inLanguage":"pl-PL","@id":"https:\/\/www.szs-kamien.pl\/#\/schema\/logo\/image\/","url":"https:\/\/www.szs-kamien.pl\/wp-content\/uploads\/2025\/01\/logo_szs1-e1745408005616.png","contentUrl":"https:\/\/www.szs-kamien.pl\/wp-content\/uploads\/2025\/01\/logo_szs1-e1745408005616.png","width":1671,"height":1630,"caption":"szs-kamien"},"image":{"@id":"https:\/\/www.szs-kamien.pl\/#\/schema\/logo\/image\/"}}]}},"_links":{"self":[{"href":"https:\/\/www.szs-kamien.pl\/index.php?rest_route=\/wp\/v2\/pages\/354","targetHints":{"allow":["GET"]}}],"collection":[{"href":"https:\/\/www.szs-kamien.pl\/index.php?rest_route=\/wp\/v2\/pages"}],"about":[{"href":"https:\/\/www.szs-kamien.pl\/index.php?rest_route=\/wp\/v2\/types\/page"}],"author":[{"embeddable":true,"href":"https:\/\/www.szs-kamien.pl\/index.php?rest_route=\/wp\/v2\/users\/1"}],"replies":[{"embeddable":true,"href":"https:\/\/www.szs-kamien.pl\/index.php?rest_route=%2Fwp%2Fv2%2Fcomments&post=354"}],"version-history":[{"count":9,"href":"https:\/\/www.szs-kamien.pl\/index.php?rest_route=\/wp\/v2\/pages\/354\/revisions"}],"predecessor-version":[{"id":2129,"href":"https:\/\/www.szs-kamien.pl\/index.php?rest_route=\/wp\/v2\/pages\/354\/revisions\/2129"}],"up":[{"embeddable":true,"href":"https:\/\/www.szs-kamien.pl\/index.php?rest_route=\/wp\/v2\/pages\/203"}],"wp:attachment":[{"href":"https:\/\/www.szs-kamien.pl\/index.php?rest_route=%2Fwp%2Fv2%2Fmedia&parent=354"}],"curies":[{"name":"wp","href":"https:\/\/api.w.org\/{rel}","templated":true}]}}