{"id":356,"date":"2024-12-15T09:02:35","date_gmt":"2024-12-15T09:02:35","guid":{"rendered":"https:\/\/www.testystronadlakazdego.pl\/?page_id=356"},"modified":"2025-04-27T20:16:26","modified_gmt":"2025-04-27T20:16:26","slug":"xvi-walny-zjazd-delegatow","status":"publish","type":"page","link":"https:\/\/www.szs-kamien.pl\/?page_id=356","title":{"rendered":"XVI Walny Zjazd Delegat\u00f3w"},"content":{"rendered":"\t\t<div data-elementor-type=\"wp-page\" data-elementor-id=\"356\" class=\"elementor elementor-356\" data-elementor-post-type=\"page\">\n\t\t\t\t\t\t<section class=\"elementor-section elementor-top-section elementor-element elementor-element-37297f10 elementor-section-boxed elementor-section-height-default elementor-section-height-default\" data-id=\"37297f10\" data-element_type=\"section\" data-e-type=\"section\">\n\t\t\t\t\t\t<div class=\"elementor-container elementor-column-gap-default\">\n\t\t\t\t\t<div class=\"elementor-column elementor-col-100 elementor-top-column elementor-element elementor-element-160e80aa\" data-id=\"160e80aa\" data-element_type=\"column\" data-e-type=\"column\">\n\t\t\t<div class=\"elementor-widget-wrap elementor-element-populated\">\n\t\t\t\t\t\t<div class=\"elementor-element elementor-element-668a4a70 elementor-widget elementor-widget-heading\" data-id=\"668a4a70\" data-element_type=\"widget\" data-e-type=\"widget\" data-widget_type=\"heading.default\">\n\t\t\t\t<div class=\"elementor-widget-container\">\n\t\t\t\t\t<h2 class=\"elementor-heading-title elementor-size-default\">X Walny Zjazd Delegat\u00f3w <\/h2>\t\t\t\t<\/div>\n\t\t\t\t<\/div>\n\t\t\t\t\t<\/div>\n\t\t<\/div>\n\t\t\t\t\t<\/div>\n\t\t<\/section>\n\t\t\t\t<section class=\"elementor-section elementor-top-section elementor-element elementor-element-60e71752 elementor-section-boxed elementor-section-height-default elementor-section-height-default\" data-id=\"60e71752\" data-element_type=\"section\" data-e-type=\"section\">\n\t\t\t\t\t\t<div class=\"elementor-container elementor-column-gap-default\">\n\t\t\t\t\t<div class=\"elementor-column elementor-col-50 elementor-top-column elementor-element elementor-element-246716f9\" data-id=\"246716f9\" data-element_type=\"column\" data-e-type=\"column\">\n\t\t\t<div class=\"elementor-widget-wrap elementor-element-populated\">\n\t\t\t\t\t\t<section class=\"elementor-section elementor-inner-section elementor-element elementor-element-31c77c22 elementor-section-boxed elementor-section-height-default elementor-section-height-default\" data-id=\"31c77c22\" data-element_type=\"section\" data-e-type=\"section\" data-settings=\"{&quot;background_background&quot;:&quot;classic&quot;}\">\n\t\t\t\t\t\t<div class=\"elementor-container elementor-column-gap-default\">\n\t\t\t\t\t<div class=\"elementor-column elementor-col-16 elementor-inner-column elementor-element elementor-element-7f88016a\" data-id=\"7f88016a\" data-element_type=\"column\" data-e-type=\"column\">\n\t\t\t<div class=\"elementor-widget-wrap elementor-element-populated\">\n\t\t\t\t\t\t<div class=\"elementor-element elementor-element-5d7fc346 elementor-view-default elementor-widget elementor-widget-icon\" data-id=\"5d7fc346\" data-element_type=\"widget\" data-e-type=\"widget\" data-widget_type=\"icon.default\">\n\t\t\t\t<div class=\"elementor-widget-container\">\n\t\t\t\t\t\t\t<div class=\"elementor-icon-wrapper\">\n\t\t\t<div class=\"elementor-icon\">\n\t\t\t<i aria-hidden=\"true\" class=\"fas fa-paperclip\"><\/i>\t\t\t<\/div>\n\t\t<\/div>\n\t\t\t\t\t\t<\/div>\n\t\t\t\t<\/div>\n\t\t\t\t\t<\/div>\n\t\t<\/div>\n\t\t\t\t<div class=\"elementor-column elementor-col-66 elementor-inner-column elementor-element elementor-element-228aee57\" data-id=\"228aee57\" data-element_type=\"column\" data-e-type=\"column\">\n\t\t\t<div class=\"elementor-widget-wrap elementor-element-populated\">\n\t\t\t\t\t\t<div class=\"elementor-element elementor-element-67e5647e elementor-widget elementor-widget-heading\" data-id=\"67e5647e\" data-element_type=\"widget\" data-e-type=\"widget\" data-widget_type=\"heading.default\">\n\t\t\t\t<div class=\"elementor-widget-container\">\n\t\t\t\t\t<h2 class=\"elementor-heading-title elementor-size-default\">Regulamin obrad<\/h2>\t\t\t\t<\/div>\n\t\t\t\t<\/div>\n\t\t\t\t\t<\/div>\n\t\t<\/div>\n\t\t\t\t<div class=\"elementor-column elementor-col-16 elementor-inner-column elementor-element elementor-element-60424875\" data-id=\"60424875\" data-element_type=\"column\" data-e-type=\"column\">\n\t\t\t<div class=\"elementor-widget-wrap elementor-element-populated\">\n\t\t\t\t\t\t<div class=\"elementor-element elementor-element-65638fbd elementor-widget__width-initial elementor-view-default elementor-widget elementor-widget-icon\" data-id=\"65638fbd\" data-element_type=\"widget\" data-e-type=\"widget\" data-widget_type=\"icon.default\">\n\t\t\t\t<div class=\"elementor-widget-container\">\n\t\t\t\t\t\t\t<div class=\"elementor-icon-wrapper\">\n\t\t\t<div class=\"elementor-icon\">\n\t\t\t<svg xmlns=\"http:\/\/www.w3.org\/2000\/svg\" width=\"512.000000pt\" height=\"512.000000pt\" viewBox=\"0 0 512.000000 512.000000\" preserveAspectRatio=\"xMidYMid meet\"><g transform=\"translate(0.000000,512.000000) scale(0.100000,-0.100000)\" fill=\"#000000\" stroke=\"none\"><path d=\"M2492 4897 c-50 -19 -102 -65 -123 -111 -18 -40 -19 -106 -19 -1941 l0 -1900 -362 362 c-378 377 -409 402 -489 403 -84 0 -159 -47 -195 -124 -29 -62 -30 -117 -3 -176 27 -61 1103 -1140 1167 -1172 57 -27 136 -27 188 0 23 12 274 256 605 589 521 523 567 572 579 615 40 152 -106 303 -259 266 -42 -10 -76 -40 -421 -384 -207 -206 -379 -374 -383 -374 -4 0 -7 855 -7 1900 0 1862 0 1902 -19 1939 -50 97 -161 143 -259 108z\"><\/path><\/g><\/svg>\t\t\t<\/div>\n\t\t<\/div>\n\t\t\t\t\t\t<\/div>\n\t\t\t\t<\/div>\n\t\t\t\t\t<\/div>\n\t\t<\/div>\n\t\t\t\t\t<\/div>\n\t\t<\/section>\n\t\t\t\t\t<\/div>\n\t\t<\/div>\n\t\t\t\t<div class=\"elementor-column elementor-col-50 elementor-top-column elementor-element elementor-element-4f86bbc2\" data-id=\"4f86bbc2\" data-element_type=\"column\" data-e-type=\"column\">\n\t\t\t<div class=\"elementor-widget-wrap elementor-element-populated\">\n\t\t\t\t\t\t<div class=\"elementor-section elementor-inner-section elementor-element elementor-element-10cd9249 elementor-section-boxed elementor-section-height-default elementor-section-height-default\" data-id=\"10cd9249\" data-element_type=\"section\" data-e-type=\"section\" data-settings=\"{&quot;background_background&quot;:&quot;classic&quot;}\">\n\t\t\t\t\t\t<div class=\"elementor-container elementor-column-gap-default\">\n\t\t\t\t\t<div class=\"elementor-column elementor-col-16 elementor-inner-column elementor-element elementor-element-4436d0a4\" data-id=\"4436d0a4\" data-element_type=\"column\" data-e-type=\"column\">\n\t\t\t<div class=\"elementor-widget-wrap elementor-element-populated\">\n\t\t\t\t\t\t<div class=\"elementor-element elementor-element-60e0e3e6 elementor-view-default elementor-widget elementor-widget-icon\" data-id=\"60e0e3e6\" data-element_type=\"widget\" data-e-type=\"widget\" data-widget_type=\"icon.default\">\n\t\t\t\t<div class=\"elementor-widget-container\">\n\t\t\t\t\t\t\t<div class=\"elementor-icon-wrapper\">\n\t\t\t<div class=\"elementor-icon\">\n\t\t\t<i aria-hidden=\"true\" class=\"fas fa-paperclip\"><\/i>\t\t\t<\/div>\n\t\t<\/div>\n\t\t\t\t\t\t<\/div>\n\t\t\t\t<\/div>\n\t\t\t\t\t<\/div>\n\t\t<\/div>\n\t\t\t\t<div class=\"elementor-column elementor-col-66 elementor-inner-column elementor-element elementor-element-4e0c44cb\" data-id=\"4e0c44cb\" data-element_type=\"column\" data-e-type=\"column\">\n\t\t\t<div class=\"elementor-widget-wrap elementor-element-populated\">\n\t\t\t\t\t\t<div class=\"elementor-element elementor-element-4f16ac35 elementor-widget elementor-widget-heading\" data-id=\"4f16ac35\" data-element_type=\"widget\" data-e-type=\"widget\" data-widget_type=\"heading.default\">\n\t\t\t\t<div class=\"elementor-widget-container\">\n\t\t\t\t\t<h2 class=\"elementor-heading-title elementor-size-default\">Zaproszenie<\/h2>\t\t\t\t<\/div>\n\t\t\t\t<\/div>\n\t\t\t\t\t<\/div>\n\t\t<\/div>\n\t\t\t\t<div class=\"elementor-column elementor-col-16 elementor-inner-column elementor-element elementor-element-1a23a0fe\" data-id=\"1a23a0fe\" data-element_type=\"column\" data-e-type=\"column\">\n\t\t\t<div class=\"elementor-widget-wrap elementor-element-populated\">\n\t\t\t\t\t\t<div class=\"elementor-element elementor-element-34c3aae1 elementor-widget__width-initial elementor-view-default elementor-widget elementor-widget-icon\" data-id=\"34c3aae1\" data-element_type=\"widget\" data-e-type=\"widget\" data-widget_type=\"icon.default\">\n\t\t\t\t<div class=\"elementor-widget-container\">\n\t\t\t\t\t\t\t<div class=\"elementor-icon-wrapper\">\n\t\t\t<div class=\"elementor-icon\">\n\t\t\t<svg xmlns=\"http:\/\/www.w3.org\/2000\/svg\" width=\"512.000000pt\" height=\"512.000000pt\" viewBox=\"0 0 512.000000 512.000000\" preserveAspectRatio=\"xMidYMid meet\"><g transform=\"translate(0.000000,512.000000) scale(0.100000,-0.100000)\" fill=\"#000000\" stroke=\"none\"><path d=\"M2492 4897 c-50 -19 -102 -65 -123 -111 -18 -40 -19 -106 -19 -1941 l0 -1900 -362 362 c-378 377 -409 402 -489 403 -84 0 -159 -47 -195 -124 -29 -62 -30 -117 -3 -176 27 -61 1103 -1140 1167 -1172 57 -27 136 -27 188 0 23 12 274 256 605 589 521 523 567 572 579 615 40 152 -106 303 -259 266 -42 -10 -76 -40 -421 -384 -207 -206 -379 -374 -383 -374 -4 0 -7 855 -7 1900 0 1862 0 1902 -19 1939 -50 97 -161 143 -259 108z\"><\/path><\/g><\/svg>\t\t\t<\/div>\n\t\t<\/div>\n\t\t\t\t\t\t<\/div>\n\t\t\t\t<\/div>\n\t\t\t\t\t<\/div>\n\t\t<\/div>\n\t\t\t\t\t<\/div>\n\t\t<\/div>\n\t\t\t\t\t<\/div>\n\t\t<\/div>\n\t\t\t\t\t<\/div>\n\t\t<\/section>\n\t\t\t\t<section class=\"elementor-section elementor-top-section elementor-element elementor-element-13dcbec6 elementor-section-boxed elementor-section-height-default elementor-section-height-default\" data-id=\"13dcbec6\" data-element_type=\"section\" data-e-type=\"section\">\n\t\t\t\t\t\t<div class=\"elementor-container elementor-column-gap-default\">\n\t\t\t\t\t<div class=\"elementor-column elementor-col-50 elementor-top-column elementor-element elementor-element-71ed6001\" data-id=\"71ed6001\" data-element_type=\"column\" data-e-type=\"column\">\n\t\t\t<div class=\"elementor-widget-wrap elementor-element-populated\">\n\t\t\t\t\t\t<section class=\"elementor-section elementor-inner-section elementor-element elementor-element-453a39af elementor-section-boxed elementor-section-height-default elementor-section-height-default\" data-id=\"453a39af\" data-element_type=\"section\" data-e-type=\"section\" data-settings=\"{&quot;background_background&quot;:&quot;classic&quot;}\">\n\t\t\t\t\t\t<div class=\"elementor-container elementor-column-gap-default\">\n\t\t\t\t\t<div class=\"elementor-column elementor-col-16 elementor-inner-column elementor-element elementor-element-50123197\" data-id=\"50123197\" data-element_type=\"column\" data-e-type=\"column\">\n\t\t\t<div class=\"elementor-widget-wrap elementor-element-populated\">\n\t\t\t\t\t\t<div class=\"elementor-element elementor-element-2b75dc74 elementor-view-default elementor-widget elementor-widget-icon\" data-id=\"2b75dc74\" data-element_type=\"widget\" data-e-type=\"widget\" data-widget_type=\"icon.default\">\n\t\t\t\t<div class=\"elementor-widget-container\">\n\t\t\t\t\t\t\t<div class=\"elementor-icon-wrapper\">\n\t\t\t<div class=\"elementor-icon\">\n\t\t\t<i aria-hidden=\"true\" class=\"fas fa-paperclip\"><\/i>\t\t\t<\/div>\n\t\t<\/div>\n\t\t\t\t\t\t<\/div>\n\t\t\t\t<\/div>\n\t\t\t\t\t<\/div>\n\t\t<\/div>\n\t\t\t\t<div class=\"elementor-column elementor-col-66 elementor-inner-column elementor-element elementor-element-4df70b63\" data-id=\"4df70b63\" data-element_type=\"column\" data-e-type=\"column\">\n\t\t\t<div class=\"elementor-widget-wrap elementor-element-populated\">\n\t\t\t\t\t\t<div class=\"elementor-element elementor-element-742d0073 elementor-widget elementor-widget-heading\" data-id=\"742d0073\" data-element_type=\"widget\" data-e-type=\"widget\" data-widget_type=\"heading.default\">\n\t\t\t\t<div class=\"elementor-widget-container\">\n\t\t\t\t\t<h2 class=\"elementor-heading-title elementor-size-default\">Porz\u0105dek obrad<\/h2>\t\t\t\t<\/div>\n\t\t\t\t<\/div>\n\t\t\t\t\t<\/div>\n\t\t<\/div>\n\t\t\t\t<div class=\"elementor-column elementor-col-16 elementor-inner-column elementor-element elementor-element-44e58105\" data-id=\"44e58105\" data-element_type=\"column\" data-e-type=\"column\">\n\t\t\t<div class=\"elementor-widget-wrap elementor-element-populated\">\n\t\t\t\t\t\t<div class=\"elementor-element elementor-element-6074633f elementor-widget__width-initial elementor-view-default elementor-widget elementor-widget-icon\" data-id=\"6074633f\" data-element_type=\"widget\" data-e-type=\"widget\" data-widget_type=\"icon.default\">\n\t\t\t\t<div class=\"elementor-widget-container\">\n\t\t\t\t\t\t\t<div class=\"elementor-icon-wrapper\">\n\t\t\t<div class=\"elementor-icon\">\n\t\t\t<svg xmlns=\"http:\/\/www.w3.org\/2000\/svg\" width=\"512.000000pt\" height=\"512.000000pt\" viewBox=\"0 0 512.000000 512.000000\" preserveAspectRatio=\"xMidYMid meet\"><g transform=\"translate(0.000000,512.000000) scale(0.100000,-0.100000)\" fill=\"#000000\" stroke=\"none\"><path d=\"M2492 4897 c-50 -19 -102 -65 -123 -111 -18 -40 -19 -106 -19 -1941 l0 -1900 -362 362 c-378 377 -409 402 -489 403 -84 0 -159 -47 -195 -124 -29 -62 -30 -117 -3 -176 27 -61 1103 -1140 1167 -1172 57 -27 136 -27 188 0 23 12 274 256 605 589 521 523 567 572 579 615 40 152 -106 303 -259 266 -42 -10 -76 -40 -421 -384 -207 -206 -379 -374 -383 -374 -4 0 -7 855 -7 1900 0 1862 0 1902 -19 1939 -50 97 -161 143 -259 108z\"><\/path><\/g><\/svg>\t\t\t<\/div>\n\t\t<\/div>\n\t\t\t\t\t\t<\/div>\n\t\t\t\t<\/div>\n\t\t\t\t\t<\/div>\n\t\t<\/div>\n\t\t\t\t\t<\/div>\n\t\t<\/section>\n\t\t\t\t\t<\/div>\n\t\t<\/div>\n\t\t\t\t<div class=\"elementor-column elementor-col-50 elementor-top-column elementor-element elementor-element-75c8273\" data-id=\"75c8273\" data-element_type=\"column\" data-e-type=\"column\">\n\t\t\t<div class=\"elementor-widget-wrap elementor-element-populated\">\n\t\t\t\t\t\t<div class=\"elementor-section elementor-inner-section elementor-element elementor-element-7e661d6 elementor-section-boxed elementor-section-height-default elementor-section-height-default\" data-id=\"7e661d6\" data-element_type=\"section\" data-e-type=\"section\" data-settings=\"{&quot;background_background&quot;:&quot;classic&quot;}\">\n\t\t\t\t\t\t<div class=\"elementor-container elementor-column-gap-default\">\n\t\t\t\t\t<div class=\"elementor-column elementor-col-16 elementor-inner-column elementor-element elementor-element-74049fc\" data-id=\"74049fc\" data-element_type=\"column\" data-e-type=\"column\">\n\t\t\t<div class=\"elementor-widget-wrap elementor-element-populated\">\n\t\t\t\t\t\t<div class=\"elementor-element elementor-element-27eef87 elementor-view-default elementor-widget elementor-widget-icon\" data-id=\"27eef87\" data-element_type=\"widget\" data-e-type=\"widget\" data-widget_type=\"icon.default\">\n\t\t\t\t<div class=\"elementor-widget-container\">\n\t\t\t\t\t\t\t<div class=\"elementor-icon-wrapper\">\n\t\t\t<div class=\"elementor-icon\">\n\t\t\t<i aria-hidden=\"true\" class=\"fas fa-paperclip\"><\/i>\t\t\t<\/div>\n\t\t<\/div>\n\t\t\t\t\t\t<\/div>\n\t\t\t\t<\/div>\n\t\t\t\t\t<\/div>\n\t\t<\/div>\n\t\t\t\t<div class=\"elementor-column elementor-col-66 elementor-inner-column elementor-element elementor-element-c28a900\" data-id=\"c28a900\" data-element_type=\"column\" data-e-type=\"column\">\n\t\t\t<div class=\"elementor-widget-wrap elementor-element-populated\">\n\t\t\t\t\t\t<div class=\"elementor-element elementor-element-dc3c03f elementor-widget elementor-widget-heading\" data-id=\"dc3c03f\" data-element_type=\"widget\" data-e-type=\"widget\" data-widget_type=\"heading.default\">\n\t\t\t\t<div class=\"elementor-widget-container\">\n\t\t\t\t\t<h2 class=\"elementor-heading-title elementor-size-default\">Delegaci Stowarzyszenia<\/h2>\t\t\t\t<\/div>\n\t\t\t\t<\/div>\n\t\t\t\t\t<\/div>\n\t\t<\/div>\n\t\t\t\t<div class=\"elementor-column elementor-col-16 elementor-inner-column elementor-element elementor-element-1cc5b64\" data-id=\"1cc5b64\" data-element_type=\"column\" data-e-type=\"column\">\n\t\t\t<div class=\"elementor-widget-wrap elementor-element-populated\">\n\t\t\t\t\t\t<div class=\"elementor-element elementor-element-49c089c elementor-widget__width-initial elementor-view-default elementor-widget elementor-widget-icon\" data-id=\"49c089c\" data-element_type=\"widget\" data-e-type=\"widget\" data-widget_type=\"icon.default\">\n\t\t\t\t<div class=\"elementor-widget-container\">\n\t\t\t\t\t\t\t<div class=\"elementor-icon-wrapper\">\n\t\t\t<div class=\"elementor-icon\">\n\t\t\t<svg xmlns=\"http:\/\/www.w3.org\/2000\/svg\" width=\"512.000000pt\" height=\"512.000000pt\" viewBox=\"0 0 512.000000 512.000000\" preserveAspectRatio=\"xMidYMid meet\"><g transform=\"translate(0.000000,512.000000) scale(0.100000,-0.100000)\" fill=\"#000000\" stroke=\"none\"><path d=\"M2492 4897 c-50 -19 -102 -65 -123 -111 -18 -40 -19 -106 -19 -1941 l0 -1900 -362 362 c-378 377 -409 402 -489 403 -84 0 -159 -47 -195 -124 -29 -62 -30 -117 -3 -176 27 -61 1103 -1140 1167 -1172 57 -27 136 -27 188 0 23 12 274 256 605 589 521 523 567 572 579 615 40 152 -106 303 -259 266 -42 -10 -76 -40 -421 -384 -207 -206 -379 -374 -383 -374 -4 0 -7 855 -7 1900 0 1862 0 1902 -19 1939 -50 97 -161 143 -259 108z\"><\/path><\/g><\/svg>\t\t\t<\/div>\n\t\t<\/div>\n\t\t\t\t\t\t<\/div>\n\t\t\t\t<\/div>\n\t\t\t\t\t<\/div>\n\t\t<\/div>\n\t\t\t\t\t<\/div>\n\t\t<\/div>\n\t\t\t\t\t<\/div>\n\t\t<\/div>\n\t\t\t\t\t<\/div>\n\t\t<\/section>\n\t\t\t\t<\/div>\n\t\t","protected":false},"excerpt":{"rendered":"<p>X Walny Zjazd Delegat\u00f3w Regulamin obrad Zaproszenie Porz\u0105dek obrad Delegaci Stowarzyszenia<\/p>\n","protected":false},"author":1,"featured_media":0,"parent":203,"menu_order":0,"comment_status":"closed","ping_status":"closed","template":"","meta":{"footnotes":""},"class_list":["post-356","page","type-page","status-publish","hentry"],"yoast_head":"<!-- This site is optimized with the Yoast SEO plugin v27.4 - https:\/\/yoast.com\/product\/yoast-seo-wordpress\/ -->\n<title>XVI Walny Zjazd Delegat\u00f3w - szs-kamien<\/title>\n<meta name=\"robots\" content=\"index, follow, max-snippet:-1, max-image-preview:large, max-video-preview:-1\" \/>\n<link rel=\"canonical\" href=\"https:\/\/www.szs-kamien.pl\/?page_id=356\" \/>\n<meta property=\"og:locale\" content=\"pl_PL\" \/>\n<meta property=\"og:type\" content=\"article\" \/>\n<meta property=\"og:title\" content=\"XVI Walny Zjazd Delegat\u00f3w - szs-kamien\" \/>\n<meta property=\"og:description\" content=\"X Walny Zjazd Delegat\u00f3w Regulamin obrad Zaproszenie Porz\u0105dek obrad Delegaci Stowarzyszenia\" \/>\n<meta property=\"og:url\" content=\"https:\/\/www.szs-kamien.pl\/?page_id=356\" \/>\n<meta property=\"og:site_name\" content=\"szs-kamien\" \/>\n<meta property=\"article:modified_time\" content=\"2025-04-27T20:16:26+00:00\" \/>\n<meta name=\"twitter:card\" content=\"summary_large_image\" \/>\n<meta name=\"twitter:label1\" content=\"Szacowany czas czytania\" \/>\n\t<meta name=\"twitter:data1\" content=\"1 minuta\" \/>\n<script type=\"application\/ld+json\" class=\"yoast-schema-graph\">{\"@context\":\"https:\\\/\\\/schema.org\",\"@graph\":[{\"@type\":\"WebPage\",\"@id\":\"https:\\\/\\\/www.szs-kamien.pl\\\/?page_id=356\",\"url\":\"https:\\\/\\\/www.szs-kamien.pl\\\/?page_id=356\",\"name\":\"XVI Walny Zjazd Delegat\u00f3w - szs-kamien\",\"isPartOf\":{\"@id\":\"https:\\\/\\\/www.szs-kamien.pl\\\/#website\"},\"datePublished\":\"2024-12-15T09:02:35+00:00\",\"dateModified\":\"2025-04-27T20:16:26+00:00\",\"breadcrumb\":{\"@id\":\"https:\\\/\\\/www.szs-kamien.pl\\\/?page_id=356#breadcrumb\"},\"inLanguage\":\"pl-PL\",\"potentialAction\":[{\"@type\":\"ReadAction\",\"target\":[\"https:\\\/\\\/www.szs-kamien.pl\\\/?page_id=356\"]}]},{\"@type\":\"BreadcrumbList\",\"@id\":\"https:\\\/\\\/www.szs-kamien.pl\\\/?page_id=356#breadcrumb\",\"itemListElement\":[{\"@type\":\"ListItem\",\"position\":1,\"name\":\"Strona g\u0142\u00f3wna\",\"item\":\"https:\\\/\\\/www.szs-kamien.pl\\\/\"},{\"@type\":\"ListItem\",\"position\":2,\"name\":\"ZWI\u0104ZEK\",\"item\":\"https:\\\/\\\/www.szs-kamien.pl\\\/?page_id=26\"},{\"@type\":\"ListItem\",\"position\":3,\"name\":\"ZJAZDY DELEGAT\u00d3W\",\"item\":\"https:\\\/\\\/www.szs-kamien.pl\\\/?page_id=203\"},{\"@type\":\"ListItem\",\"position\":4,\"name\":\"XVI Walny Zjazd Delegat\u00f3w\"}]},{\"@type\":\"WebSite\",\"@id\":\"https:\\\/\\\/www.szs-kamien.pl\\\/#website\",\"url\":\"https:\\\/\\\/www.szs-kamien.pl\\\/\",\"name\":\"szs-kamien\",\"description\":\"Kolejna witryna WordPress\",\"publisher\":{\"@id\":\"https:\\\/\\\/www.szs-kamien.pl\\\/#organization\"},\"potentialAction\":[{\"@type\":\"SearchAction\",\"target\":{\"@type\":\"EntryPoint\",\"urlTemplate\":\"https:\\\/\\\/www.szs-kamien.pl\\\/?s={search_term_string}\"},\"query-input\":{\"@type\":\"PropertyValueSpecification\",\"valueRequired\":true,\"valueName\":\"search_term_string\"}}],\"inLanguage\":\"pl-PL\"},{\"@type\":\"Organization\",\"@id\":\"https:\\\/\\\/www.szs-kamien.pl\\\/#organization\",\"name\":\"szs-kamien\",\"url\":\"https:\\\/\\\/www.szs-kamien.pl\\\/\",\"logo\":{\"@type\":\"ImageObject\",\"inLanguage\":\"pl-PL\",\"@id\":\"https:\\\/\\\/www.szs-kamien.pl\\\/#\\\/schema\\\/logo\\\/image\\\/\",\"url\":\"https:\\\/\\\/www.szs-kamien.pl\\\/wp-content\\\/uploads\\\/2025\\\/01\\\/logo_szs1-e1745408005616.png\",\"contentUrl\":\"https:\\\/\\\/www.szs-kamien.pl\\\/wp-content\\\/uploads\\\/2025\\\/01\\\/logo_szs1-e1745408005616.png\",\"width\":1671,\"height\":1630,\"caption\":\"szs-kamien\"},\"image\":{\"@id\":\"https:\\\/\\\/www.szs-kamien.pl\\\/#\\\/schema\\\/logo\\\/image\\\/\"}}]}<\/script>\n<!-- \/ Yoast SEO plugin. -->","yoast_head_json":{"title":"XVI Walny Zjazd Delegat\u00f3w - szs-kamien","robots":{"index":"index","follow":"follow","max-snippet":"max-snippet:-1","max-image-preview":"max-image-preview:large","max-video-preview":"max-video-preview:-1"},"canonical":"https:\/\/www.szs-kamien.pl\/?page_id=356","og_locale":"pl_PL","og_type":"article","og_title":"XVI Walny Zjazd Delegat\u00f3w - szs-kamien","og_description":"X Walny Zjazd Delegat\u00f3w Regulamin obrad Zaproszenie Porz\u0105dek obrad Delegaci Stowarzyszenia","og_url":"https:\/\/www.szs-kamien.pl\/?page_id=356","og_site_name":"szs-kamien","article_modified_time":"2025-04-27T20:16:26+00:00","twitter_card":"summary_large_image","twitter_misc":{"Szacowany czas czytania":"1 minuta"},"schema":{"@context":"https:\/\/schema.org","@graph":[{"@type":"WebPage","@id":"https:\/\/www.szs-kamien.pl\/?page_id=356","url":"https:\/\/www.szs-kamien.pl\/?page_id=356","name":"XVI Walny Zjazd Delegat\u00f3w - szs-kamien","isPartOf":{"@id":"https:\/\/www.szs-kamien.pl\/#website"},"datePublished":"2024-12-15T09:02:35+00:00","dateModified":"2025-04-27T20:16:26+00:00","breadcrumb":{"@id":"https:\/\/www.szs-kamien.pl\/?page_id=356#breadcrumb"},"inLanguage":"pl-PL","potentialAction":[{"@type":"ReadAction","target":["https:\/\/www.szs-kamien.pl\/?page_id=356"]}]},{"@type":"BreadcrumbList","@id":"https:\/\/www.szs-kamien.pl\/?page_id=356#breadcrumb","itemListElement":[{"@type":"ListItem","position":1,"name":"Strona g\u0142\u00f3wna","item":"https:\/\/www.szs-kamien.pl\/"},{"@type":"ListItem","position":2,"name":"ZWI\u0104ZEK","item":"https:\/\/www.szs-kamien.pl\/?page_id=26"},{"@type":"ListItem","position":3,"name":"ZJAZDY DELEGAT\u00d3W","item":"https:\/\/www.szs-kamien.pl\/?page_id=203"},{"@type":"ListItem","position":4,"name":"XVI Walny Zjazd Delegat\u00f3w"}]},{"@type":"WebSite","@id":"https:\/\/www.szs-kamien.pl\/#website","url":"https:\/\/www.szs-kamien.pl\/","name":"szs-kamien","description":"Kolejna witryna WordPress","publisher":{"@id":"https:\/\/www.szs-kamien.pl\/#organization"},"potentialAction":[{"@type":"SearchAction","target":{"@type":"EntryPoint","urlTemplate":"https:\/\/www.szs-kamien.pl\/?s={search_term_string}"},"query-input":{"@type":"PropertyValueSpecification","valueRequired":true,"valueName":"search_term_string"}}],"inLanguage":"pl-PL"},{"@type":"Organization","@id":"https:\/\/www.szs-kamien.pl\/#organization","name":"szs-kamien","url":"https:\/\/www.szs-kamien.pl\/","logo":{"@type":"ImageObject","inLanguage":"pl-PL","@id":"https:\/\/www.szs-kamien.pl\/#\/schema\/logo\/image\/","url":"https:\/\/www.szs-kamien.pl\/wp-content\/uploads\/2025\/01\/logo_szs1-e1745408005616.png","contentUrl":"https:\/\/www.szs-kamien.pl\/wp-content\/uploads\/2025\/01\/logo_szs1-e1745408005616.png","width":1671,"height":1630,"caption":"szs-kamien"},"image":{"@id":"https:\/\/www.szs-kamien.pl\/#\/schema\/logo\/image\/"}}]}},"_links":{"self":[{"href":"https:\/\/www.szs-kamien.pl\/index.php?rest_route=\/wp\/v2\/pages\/356","targetHints":{"allow":["GET"]}}],"collection":[{"href":"https:\/\/www.szs-kamien.pl\/index.php?rest_route=\/wp\/v2\/pages"}],"about":[{"href":"https:\/\/www.szs-kamien.pl\/index.php?rest_route=\/wp\/v2\/types\/page"}],"author":[{"embeddable":true,"href":"https:\/\/www.szs-kamien.pl\/index.php?rest_route=\/wp\/v2\/users\/1"}],"replies":[{"embeddable":true,"href":"https:\/\/www.szs-kamien.pl\/index.php?rest_route=%2Fwp%2Fv2%2Fcomments&post=356"}],"version-history":[{"count":6,"href":"https:\/\/www.szs-kamien.pl\/index.php?rest_route=\/wp\/v2\/pages\/356\/revisions"}],"predecessor-version":[{"id":2143,"href":"https:\/\/www.szs-kamien.pl\/index.php?rest_route=\/wp\/v2\/pages\/356\/revisions\/2143"}],"up":[{"embeddable":true,"href":"https:\/\/www.szs-kamien.pl\/index.php?rest_route=\/wp\/v2\/pages\/203"}],"wp:attachment":[{"href":"https:\/\/www.szs-kamien.pl\/index.php?rest_route=%2Fwp%2Fv2%2Fmedia&parent=356"}],"curies":[{"name":"wp","href":"https:\/\/api.w.org\/{rel}","templated":true}]}}