{"id":364,"date":"2024-12-15T09:03:16","date_gmt":"2024-12-15T09:03:16","guid":{"rendered":"https:\/\/www.testystronadlakazdego.pl\/?page_id=364"},"modified":"2025-04-27T20:08:09","modified_gmt":"2025-04-27T20:08:09","slug":"xv-walny-zjazd-delegatow","status":"publish","type":"page","link":"https:\/\/www.szs-kamien.pl\/?page_id=364","title":{"rendered":"XV Walny Zjazd Delegat\u00f3w"},"content":{"rendered":"\t\t<div data-elementor-type=\"wp-page\" data-elementor-id=\"364\" class=\"elementor elementor-364\" data-elementor-post-type=\"page\">\n\t\t\t\t\t\t<section class=\"elementor-section elementor-top-section elementor-element elementor-element-6c62c916 elementor-section-boxed elementor-section-height-default elementor-section-height-default\" data-id=\"6c62c916\" data-element_type=\"section\" data-e-type=\"section\">\n\t\t\t\t\t\t<div class=\"elementor-container elementor-column-gap-default\">\n\t\t\t\t\t<div class=\"elementor-column elementor-col-100 elementor-top-column elementor-element elementor-element-f4ec0af\" data-id=\"f4ec0af\" data-element_type=\"column\" data-e-type=\"column\">\n\t\t\t<div class=\"elementor-widget-wrap elementor-element-populated\">\n\t\t\t\t\t\t<div class=\"elementor-element elementor-element-57b9be00 elementor-widget elementor-widget-heading\" data-id=\"57b9be00\" data-element_type=\"widget\" data-e-type=\"widget\" data-widget_type=\"heading.default\">\n\t\t\t\t<div class=\"elementor-widget-container\">\n\t\t\t\t\t<h2 class=\"elementor-heading-title elementor-size-default\">XI Walny Zjazd Delegat\u00f3w<\/h2>\t\t\t\t<\/div>\n\t\t\t\t<\/div>\n\t\t\t\t\t<\/div>\n\t\t<\/div>\n\t\t\t\t\t<\/div>\n\t\t<\/section>\n\t\t\t\t<section class=\"elementor-section elementor-top-section elementor-element elementor-element-60090ebd elementor-section-boxed elementor-section-height-default elementor-section-height-default\" data-id=\"60090ebd\" data-element_type=\"section\" data-e-type=\"section\">\n\t\t\t\t\t\t<div class=\"elementor-container elementor-column-gap-default\">\n\t\t\t\t\t<div class=\"elementor-column elementor-col-50 elementor-top-column elementor-element elementor-element-33a3400a\" data-id=\"33a3400a\" data-element_type=\"column\" data-e-type=\"column\">\n\t\t\t<div class=\"elementor-widget-wrap elementor-element-populated\">\n\t\t\t\t\t\t<section class=\"elementor-section elementor-inner-section elementor-element elementor-element-34a82b1d elementor-section-boxed elementor-section-height-default elementor-section-height-default\" data-id=\"34a82b1d\" data-element_type=\"section\" data-e-type=\"section\" data-settings=\"{&quot;background_background&quot;:&quot;classic&quot;}\">\n\t\t\t\t\t\t<div class=\"elementor-container elementor-column-gap-default\">\n\t\t\t\t\t<div class=\"elementor-column elementor-col-16 elementor-inner-column elementor-element elementor-element-343b08d1\" data-id=\"343b08d1\" data-element_type=\"column\" data-e-type=\"column\">\n\t\t\t<div class=\"elementor-widget-wrap elementor-element-populated\">\n\t\t\t\t\t\t<div class=\"elementor-element elementor-element-3f4131bf elementor-view-default elementor-widget elementor-widget-icon\" data-id=\"3f4131bf\" data-element_type=\"widget\" data-e-type=\"widget\" data-widget_type=\"icon.default\">\n\t\t\t\t<div class=\"elementor-widget-container\">\n\t\t\t\t\t\t\t<div class=\"elementor-icon-wrapper\">\n\t\t\t<div class=\"elementor-icon\">\n\t\t\t<i aria-hidden=\"true\" class=\"fas fa-paperclip\"><\/i>\t\t\t<\/div>\n\t\t<\/div>\n\t\t\t\t\t\t<\/div>\n\t\t\t\t<\/div>\n\t\t\t\t\t<\/div>\n\t\t<\/div>\n\t\t\t\t<div class=\"elementor-column elementor-col-66 elementor-inner-column elementor-element elementor-element-171fd195\" data-id=\"171fd195\" data-element_type=\"column\" data-e-type=\"column\">\n\t\t\t<div class=\"elementor-widget-wrap elementor-element-populated\">\n\t\t\t\t\t\t<div class=\"elementor-element elementor-element-653360da elementor-widget elementor-widget-heading\" data-id=\"653360da\" data-element_type=\"widget\" data-e-type=\"widget\" data-widget_type=\"heading.default\">\n\t\t\t\t<div class=\"elementor-widget-container\">\n\t\t\t\t\t<h2 class=\"elementor-heading-title elementor-size-default\">Regulamin obrad<\/h2>\t\t\t\t<\/div>\n\t\t\t\t<\/div>\n\t\t\t\t\t<\/div>\n\t\t<\/div>\n\t\t\t\t<div class=\"elementor-column elementor-col-16 elementor-inner-column elementor-element elementor-element-2b30f1a8\" data-id=\"2b30f1a8\" data-element_type=\"column\" data-e-type=\"column\">\n\t\t\t<div class=\"elementor-widget-wrap elementor-element-populated\">\n\t\t\t\t\t\t<div class=\"elementor-element elementor-element-33169d8d elementor-widget__width-initial elementor-view-default elementor-widget elementor-widget-icon\" data-id=\"33169d8d\" data-element_type=\"widget\" data-e-type=\"widget\" data-widget_type=\"icon.default\">\n\t\t\t\t<div class=\"elementor-widget-container\">\n\t\t\t\t\t\t\t<div class=\"elementor-icon-wrapper\">\n\t\t\t<div class=\"elementor-icon\">\n\t\t\t<svg xmlns=\"http:\/\/www.w3.org\/2000\/svg\" width=\"512.000000pt\" height=\"512.000000pt\" viewBox=\"0 0 512.000000 512.000000\" preserveAspectRatio=\"xMidYMid meet\"><g transform=\"translate(0.000000,512.000000) scale(0.100000,-0.100000)\" fill=\"#000000\" stroke=\"none\"><path d=\"M2492 4897 c-50 -19 -102 -65 -123 -111 -18 -40 -19 -106 -19 -1941 l0 -1900 -362 362 c-378 377 -409 402 -489 403 -84 0 -159 -47 -195 -124 -29 -62 -30 -117 -3 -176 27 -61 1103 -1140 1167 -1172 57 -27 136 -27 188 0 23 12 274 256 605 589 521 523 567 572 579 615 40 152 -106 303 -259 266 -42 -10 -76 -40 -421 -384 -207 -206 -379 -374 -383 -374 -4 0 -7 855 -7 1900 0 1862 0 1902 -19 1939 -50 97 -161 143 -259 108z\"><\/path><\/g><\/svg>\t\t\t<\/div>\n\t\t<\/div>\n\t\t\t\t\t\t<\/div>\n\t\t\t\t<\/div>\n\t\t\t\t\t<\/div>\n\t\t<\/div>\n\t\t\t\t\t<\/div>\n\t\t<\/section>\n\t\t\t\t\t<\/div>\n\t\t<\/div>\n\t\t\t\t<div class=\"elementor-column elementor-col-50 elementor-top-column elementor-element elementor-element-13a80da4\" data-id=\"13a80da4\" data-element_type=\"column\" data-e-type=\"column\">\n\t\t\t<div class=\"elementor-widget-wrap elementor-element-populated\">\n\t\t\t\t\t\t<div class=\"elementor-section elementor-inner-section elementor-element elementor-element-51430754 elementor-section-boxed elementor-section-height-default elementor-section-height-default\" data-id=\"51430754\" data-element_type=\"section\" data-e-type=\"section\" data-settings=\"{&quot;background_background&quot;:&quot;classic&quot;}\">\n\t\t\t\t\t\t<div class=\"elementor-container elementor-column-gap-default\">\n\t\t\t\t\t<div class=\"elementor-column elementor-col-16 elementor-inner-column elementor-element elementor-element-71dfb467\" data-id=\"71dfb467\" data-element_type=\"column\" data-e-type=\"column\">\n\t\t\t<div class=\"elementor-widget-wrap elementor-element-populated\">\n\t\t\t\t\t\t<div class=\"elementor-element elementor-element-3f6c296e elementor-view-default elementor-widget elementor-widget-icon\" data-id=\"3f6c296e\" data-element_type=\"widget\" data-e-type=\"widget\" data-widget_type=\"icon.default\">\n\t\t\t\t<div class=\"elementor-widget-container\">\n\t\t\t\t\t\t\t<div class=\"elementor-icon-wrapper\">\n\t\t\t<div class=\"elementor-icon\">\n\t\t\t<i aria-hidden=\"true\" class=\"fas fa-paperclip\"><\/i>\t\t\t<\/div>\n\t\t<\/div>\n\t\t\t\t\t\t<\/div>\n\t\t\t\t<\/div>\n\t\t\t\t\t<\/div>\n\t\t<\/div>\n\t\t\t\t<div class=\"elementor-column elementor-col-66 elementor-inner-column elementor-element elementor-element-53cb521a\" data-id=\"53cb521a\" data-element_type=\"column\" data-e-type=\"column\">\n\t\t\t<div class=\"elementor-widget-wrap elementor-element-populated\">\n\t\t\t\t\t\t<div class=\"elementor-element elementor-element-4c50871c elementor-widget elementor-widget-heading\" data-id=\"4c50871c\" data-element_type=\"widget\" data-e-type=\"widget\" data-widget_type=\"heading.default\">\n\t\t\t\t<div class=\"elementor-widget-container\">\n\t\t\t\t\t<h2 class=\"elementor-heading-title elementor-size-default\"><a href=\"https:\/\/drive.google.com\/open?id=0B-E9KUp2LuM6MUNWcUNGX2JQNnM#new_tab\" rel=\"nofollow\">Regulamin wybor\u00f3w XI Walnego Zjazdu Delegat\u00f3w (projekt)<\/a><\/h2>\t\t\t\t<\/div>\n\t\t\t\t<\/div>\n\t\t\t\t\t<\/div>\n\t\t<\/div>\n\t\t\t\t<div class=\"elementor-column elementor-col-16 elementor-inner-column elementor-element elementor-element-84f5f01\" data-id=\"84f5f01\" data-element_type=\"column\" data-e-type=\"column\">\n\t\t\t<div class=\"elementor-widget-wrap elementor-element-populated\">\n\t\t\t\t\t\t<div class=\"elementor-element elementor-element-12e1ded5 elementor-widget__width-initial elementor-view-default elementor-widget elementor-widget-icon\" data-id=\"12e1ded5\" data-element_type=\"widget\" data-e-type=\"widget\" data-widget_type=\"icon.default\">\n\t\t\t\t<div class=\"elementor-widget-container\">\n\t\t\t\t\t\t\t<div class=\"elementor-icon-wrapper\">\n\t\t\t<div class=\"elementor-icon\">\n\t\t\t<svg xmlns=\"http:\/\/www.w3.org\/2000\/svg\" width=\"512.000000pt\" height=\"512.000000pt\" viewBox=\"0 0 512.000000 512.000000\" preserveAspectRatio=\"xMidYMid meet\"><g transform=\"translate(0.000000,512.000000) scale(0.100000,-0.100000)\" fill=\"#000000\" stroke=\"none\"><path d=\"M2492 4897 c-50 -19 -102 -65 -123 -111 -18 -40 -19 -106 -19 -1941 l0 -1900 -362 362 c-378 377 -409 402 -489 403 -84 0 -159 -47 -195 -124 -29 -62 -30 -117 -3 -176 27 -61 1103 -1140 1167 -1172 57 -27 136 -27 188 0 23 12 274 256 605 589 521 523 567 572 579 615 40 152 -106 303 -259 266 -42 -10 -76 -40 -421 -384 -207 -206 -379 -374 -383 -374 -4 0 -7 855 -7 1900 0 1862 0 1902 -19 1939 -50 97 -161 143 -259 108z\"><\/path><\/g><\/svg>\t\t\t<\/div>\n\t\t<\/div>\n\t\t\t\t\t\t<\/div>\n\t\t\t\t<\/div>\n\t\t\t\t\t<\/div>\n\t\t<\/div>\n\t\t\t\t\t<\/div>\n\t\t<\/div>\n\t\t\t\t\t<\/div>\n\t\t<\/div>\n\t\t\t\t\t<\/div>\n\t\t<\/section>\n\t\t\t\t<section class=\"elementor-section elementor-top-section elementor-element elementor-element-77e0c093 elementor-section-boxed elementor-section-height-default elementor-section-height-default\" data-id=\"77e0c093\" data-element_type=\"section\" data-e-type=\"section\">\n\t\t\t\t\t\t<div class=\"elementor-container elementor-column-gap-default\">\n\t\t\t\t\t<div class=\"elementor-column elementor-col-50 elementor-top-column elementor-element elementor-element-348a43ee\" data-id=\"348a43ee\" data-element_type=\"column\" data-e-type=\"column\">\n\t\t\t<div class=\"elementor-widget-wrap elementor-element-populated\">\n\t\t\t\t\t\t<section class=\"elementor-section elementor-inner-section elementor-element elementor-element-73c87d2f elementor-section-boxed elementor-section-height-default elementor-section-height-default\" data-id=\"73c87d2f\" data-element_type=\"section\" data-e-type=\"section\" data-settings=\"{&quot;background_background&quot;:&quot;classic&quot;}\">\n\t\t\t\t\t\t<div class=\"elementor-container elementor-column-gap-default\">\n\t\t\t\t\t<div class=\"elementor-column elementor-col-16 elementor-inner-column elementor-element elementor-element-7e7cf6ad\" data-id=\"7e7cf6ad\" data-element_type=\"column\" data-e-type=\"column\">\n\t\t\t<div class=\"elementor-widget-wrap elementor-element-populated\">\n\t\t\t\t\t\t<div class=\"elementor-element elementor-element-43c50b94 elementor-view-default elementor-widget elementor-widget-icon\" data-id=\"43c50b94\" data-element_type=\"widget\" data-e-type=\"widget\" data-widget_type=\"icon.default\">\n\t\t\t\t<div class=\"elementor-widget-container\">\n\t\t\t\t\t\t\t<div class=\"elementor-icon-wrapper\">\n\t\t\t<a class=\"elementor-icon\" href=\"https:\/\/drive.google.com\/open?id=0B-E9KUp2LuM6S0RrQXlBX2diTEE#new_tab\" rel=\"nofollow\">\n\t\t\t<i aria-hidden=\"true\" class=\"fas fa-paperclip\"><\/i>\t\t\t<\/a>\n\t\t<\/div>\n\t\t\t\t\t\t<\/div>\n\t\t\t\t<\/div>\n\t\t\t\t\t<\/div>\n\t\t<\/div>\n\t\t\t\t<div class=\"elementor-column elementor-col-66 elementor-inner-column elementor-element elementor-element-2c10c7d2\" data-id=\"2c10c7d2\" data-element_type=\"column\" data-e-type=\"column\">\n\t\t\t<div class=\"elementor-widget-wrap elementor-element-populated\">\n\t\t\t\t\t\t<div class=\"elementor-element elementor-element-2f10a103 elementor-widget elementor-widget-heading\" data-id=\"2f10a103\" data-element_type=\"widget\" data-e-type=\"widget\" data-widget_type=\"heading.default\">\n\t\t\t\t<div class=\"elementor-widget-container\">\n\t\t\t\t\t<h2 class=\"elementor-heading-title elementor-size-default\"><a href=\"https:\/\/drive.google.com\/open?id=0B-E9KUp2LuM6S0RrQXlBX2diTEE#new_tab\" target=\"_blank\">Tezy na XV Zjazd<\/a><\/h2>\t\t\t\t<\/div>\n\t\t\t\t<\/div>\n\t\t\t\t\t<\/div>\n\t\t<\/div>\n\t\t\t\t<div class=\"elementor-column elementor-col-16 elementor-inner-column elementor-element elementor-element-bb4bf1c\" data-id=\"bb4bf1c\" data-element_type=\"column\" data-e-type=\"column\">\n\t\t\t<div class=\"elementor-widget-wrap elementor-element-populated\">\n\t\t\t\t\t\t<div class=\"elementor-element elementor-element-2c004dfd elementor-widget__width-initial elementor-view-default elementor-widget elementor-widget-icon\" data-id=\"2c004dfd\" data-element_type=\"widget\" data-e-type=\"widget\" data-widget_type=\"icon.default\">\n\t\t\t\t<div class=\"elementor-widget-container\">\n\t\t\t\t\t\t\t<div class=\"elementor-icon-wrapper\">\n\t\t\t<div class=\"elementor-icon\">\n\t\t\t<svg xmlns=\"http:\/\/www.w3.org\/2000\/svg\" width=\"512.000000pt\" height=\"512.000000pt\" viewBox=\"0 0 512.000000 512.000000\" preserveAspectRatio=\"xMidYMid meet\"><g transform=\"translate(0.000000,512.000000) scale(0.100000,-0.100000)\" fill=\"#000000\" stroke=\"none\"><path d=\"M2492 4897 c-50 -19 -102 -65 -123 -111 -18 -40 -19 -106 -19 -1941 l0 -1900 -362 362 c-378 377 -409 402 -489 403 -84 0 -159 -47 -195 -124 -29 -62 -30 -117 -3 -176 27 -61 1103 -1140 1167 -1172 57 -27 136 -27 188 0 23 12 274 256 605 589 521 523 567 572 579 615 40 152 -106 303 -259 266 -42 -10 -76 -40 -421 -384 -207 -206 -379 -374 -383 -374 -4 0 -7 855 -7 1900 0 1862 0 1902 -19 1939 -50 97 -161 143 -259 108z\"><\/path><\/g><\/svg>\t\t\t<\/div>\n\t\t<\/div>\n\t\t\t\t\t\t<\/div>\n\t\t\t\t<\/div>\n\t\t\t\t\t<\/div>\n\t\t<\/div>\n\t\t\t\t\t<\/div>\n\t\t<\/section>\n\t\t\t\t\t<\/div>\n\t\t<\/div>\n\t\t\t\t<div class=\"elementor-column elementor-col-50 elementor-top-column elementor-element elementor-element-176a4729\" data-id=\"176a4729\" data-element_type=\"column\" data-e-type=\"column\">\n\t\t\t<div class=\"elementor-widget-wrap elementor-element-populated\">\n\t\t\t\t\t\t<div class=\"elementor-section elementor-inner-section elementor-element elementor-element-6f76fb3f elementor-section-boxed elementor-section-height-default elementor-section-height-default\" data-id=\"6f76fb3f\" data-element_type=\"section\" data-e-type=\"section\" data-settings=\"{&quot;background_background&quot;:&quot;classic&quot;}\">\n\t\t\t\t\t\t<div class=\"elementor-container elementor-column-gap-default\">\n\t\t\t\t\t<div class=\"elementor-column elementor-col-16 elementor-inner-column elementor-element elementor-element-38840fce\" data-id=\"38840fce\" data-element_type=\"column\" data-e-type=\"column\">\n\t\t\t<div class=\"elementor-widget-wrap elementor-element-populated\">\n\t\t\t\t\t\t<div class=\"elementor-element elementor-element-2fbda71e elementor-view-default elementor-widget elementor-widget-icon\" data-id=\"2fbda71e\" data-element_type=\"widget\" data-e-type=\"widget\" data-widget_type=\"icon.default\">\n\t\t\t\t<div class=\"elementor-widget-container\">\n\t\t\t\t\t\t\t<div class=\"elementor-icon-wrapper\">\n\t\t\t<a class=\"elementor-icon\" href=\"https:\/\/drive.google.com\/file\/d\/1AuDPfbzQYlEymKHI95N76GbmdAZhW7pn\/view?usp=sharing#new_tab\" rel=\"nofollow\">\n\t\t\t<i aria-hidden=\"true\" class=\"fas fa-paperclip\"><\/i>\t\t\t<\/a>\n\t\t<\/div>\n\t\t\t\t\t\t<\/div>\n\t\t\t\t<\/div>\n\t\t\t\t\t<\/div>\n\t\t<\/div>\n\t\t\t\t<div class=\"elementor-column elementor-col-66 elementor-inner-column elementor-element elementor-element-71a6eeb8\" data-id=\"71a6eeb8\" data-element_type=\"column\" data-e-type=\"column\">\n\t\t\t<div class=\"elementor-widget-wrap elementor-element-populated\">\n\t\t\t\t\t\t<div class=\"elementor-element elementor-element-7ed8c64b elementor-widget elementor-widget-heading\" data-id=\"7ed8c64b\" data-element_type=\"widget\" data-e-type=\"widget\" data-widget_type=\"heading.default\">\n\t\t\t\t<div class=\"elementor-widget-container\">\n\t\t\t\t\t<h2 class=\"elementor-heading-title elementor-size-default\"><a href=\"https:\/\/drive.google.com\/open?id=0B-E9KUp2LuM6eko1UTRfWUJuVjg#new_tab\" rel=\"nofollow\">Projekt umowy partnerskiej<\/a><\/h2>\t\t\t\t<\/div>\n\t\t\t\t<\/div>\n\t\t\t\t\t<\/div>\n\t\t<\/div>\n\t\t\t\t<div class=\"elementor-column elementor-col-16 elementor-inner-column elementor-element elementor-element-27f685b0\" data-id=\"27f685b0\" data-element_type=\"column\" data-e-type=\"column\">\n\t\t\t<div class=\"elementor-widget-wrap elementor-element-populated\">\n\t\t\t\t\t\t<div class=\"elementor-element elementor-element-225a9764 elementor-widget__width-initial elementor-view-default elementor-widget elementor-widget-icon\" data-id=\"225a9764\" data-element_type=\"widget\" data-e-type=\"widget\" data-widget_type=\"icon.default\">\n\t\t\t\t<div class=\"elementor-widget-container\">\n\t\t\t\t\t\t\t<div class=\"elementor-icon-wrapper\">\n\t\t\t<div class=\"elementor-icon\">\n\t\t\t<svg xmlns=\"http:\/\/www.w3.org\/2000\/svg\" width=\"512.000000pt\" height=\"512.000000pt\" viewBox=\"0 0 512.000000 512.000000\" preserveAspectRatio=\"xMidYMid meet\"><g transform=\"translate(0.000000,512.000000) scale(0.100000,-0.100000)\" fill=\"#000000\" stroke=\"none\"><path d=\"M2492 4897 c-50 -19 -102 -65 -123 -111 -18 -40 -19 -106 -19 -1941 l0 -1900 -362 362 c-378 377 -409 402 -489 403 -84 0 -159 -47 -195 -124 -29 -62 -30 -117 -3 -176 27 -61 1103 -1140 1167 -1172 57 -27 136 -27 188 0 23 12 274 256 605 589 521 523 567 572 579 615 40 152 -106 303 -259 266 -42 -10 -76 -40 -421 -384 -207 -206 -379 -374 -383 -374 -4 0 -7 855 -7 1900 0 1862 0 1902 -19 1939 -50 97 -161 143 -259 108z\"><\/path><\/g><\/svg>\t\t\t<\/div>\n\t\t<\/div>\n\t\t\t\t\t\t<\/div>\n\t\t\t\t<\/div>\n\t\t\t\t\t<\/div>\n\t\t<\/div>\n\t\t\t\t\t<\/div>\n\t\t<\/div>\n\t\t\t\t\t<\/div>\n\t\t<\/div>\n\t\t\t\t\t<\/div>\n\t\t<\/section>\n\t\t\t\t<\/div>\n\t\t","protected":false},"excerpt":{"rendered":"<p>XI Walny Zjazd Delegat\u00f3w Regulamin obrad Regulamin wybor\u00f3w XI Walnego Zjazdu Delegat\u00f3w (projekt) Tezy na XV Zjazd Projekt umowy partnerskiej<\/p>\n","protected":false},"author":1,"featured_media":0,"parent":203,"menu_order":0,"comment_status":"closed","ping_status":"closed","template":"","meta":{"footnotes":""},"class_list":["post-364","page","type-page","status-publish","hentry"],"yoast_head":"<!-- This site is optimized with the Yoast SEO plugin v27.4 - https:\/\/yoast.com\/product\/yoast-seo-wordpress\/ -->\n<title>XV Walny Zjazd Delegat\u00f3w - szs-kamien<\/title>\n<meta name=\"robots\" content=\"index, follow, max-snippet:-1, max-image-preview:large, max-video-preview:-1\" \/>\n<link rel=\"canonical\" href=\"https:\/\/www.szs-kamien.pl\/?page_id=364\" \/>\n<meta property=\"og:locale\" content=\"pl_PL\" \/>\n<meta property=\"og:type\" content=\"article\" \/>\n<meta property=\"og:title\" content=\"XV Walny Zjazd Delegat\u00f3w - szs-kamien\" \/>\n<meta property=\"og:description\" content=\"XI Walny Zjazd Delegat\u00f3w Regulamin obrad Regulamin wybor\u00f3w XI Walnego Zjazdu Delegat\u00f3w (projekt) Tezy na XV Zjazd Projekt umowy partnerskiej\" \/>\n<meta property=\"og:url\" content=\"https:\/\/www.szs-kamien.pl\/?page_id=364\" \/>\n<meta property=\"og:site_name\" content=\"szs-kamien\" \/>\n<meta property=\"article:modified_time\" content=\"2025-04-27T20:08:09+00:00\" \/>\n<meta name=\"twitter:card\" content=\"summary_large_image\" \/>\n<meta name=\"twitter:label1\" content=\"Szacowany czas czytania\" \/>\n\t<meta name=\"twitter:data1\" content=\"1 minuta\" \/>\n<script type=\"application\/ld+json\" class=\"yoast-schema-graph\">{\"@context\":\"https:\\\/\\\/schema.org\",\"@graph\":[{\"@type\":\"WebPage\",\"@id\":\"https:\\\/\\\/www.szs-kamien.pl\\\/?page_id=364\",\"url\":\"https:\\\/\\\/www.szs-kamien.pl\\\/?page_id=364\",\"name\":\"XV Walny Zjazd Delegat\u00f3w - szs-kamien\",\"isPartOf\":{\"@id\":\"https:\\\/\\\/www.szs-kamien.pl\\\/#website\"},\"datePublished\":\"2024-12-15T09:03:16+00:00\",\"dateModified\":\"2025-04-27T20:08:09+00:00\",\"breadcrumb\":{\"@id\":\"https:\\\/\\\/www.szs-kamien.pl\\\/?page_id=364#breadcrumb\"},\"inLanguage\":\"pl-PL\",\"potentialAction\":[{\"@type\":\"ReadAction\",\"target\":[\"https:\\\/\\\/www.szs-kamien.pl\\\/?page_id=364\"]}]},{\"@type\":\"BreadcrumbList\",\"@id\":\"https:\\\/\\\/www.szs-kamien.pl\\\/?page_id=364#breadcrumb\",\"itemListElement\":[{\"@type\":\"ListItem\",\"position\":1,\"name\":\"Strona g\u0142\u00f3wna\",\"item\":\"https:\\\/\\\/www.szs-kamien.pl\\\/\"},{\"@type\":\"ListItem\",\"position\":2,\"name\":\"ZWI\u0104ZEK\",\"item\":\"https:\\\/\\\/www.szs-kamien.pl\\\/?page_id=26\"},{\"@type\":\"ListItem\",\"position\":3,\"name\":\"ZJAZDY DELEGAT\u00d3W\",\"item\":\"https:\\\/\\\/www.szs-kamien.pl\\\/?page_id=203\"},{\"@type\":\"ListItem\",\"position\":4,\"name\":\"XV Walny Zjazd Delegat\u00f3w\"}]},{\"@type\":\"WebSite\",\"@id\":\"https:\\\/\\\/www.szs-kamien.pl\\\/#website\",\"url\":\"https:\\\/\\\/www.szs-kamien.pl\\\/\",\"name\":\"szs-kamien\",\"description\":\"Kolejna witryna WordPress\",\"publisher\":{\"@id\":\"https:\\\/\\\/www.szs-kamien.pl\\\/#organization\"},\"potentialAction\":[{\"@type\":\"SearchAction\",\"target\":{\"@type\":\"EntryPoint\",\"urlTemplate\":\"https:\\\/\\\/www.szs-kamien.pl\\\/?s={search_term_string}\"},\"query-input\":{\"@type\":\"PropertyValueSpecification\",\"valueRequired\":true,\"valueName\":\"search_term_string\"}}],\"inLanguage\":\"pl-PL\"},{\"@type\":\"Organization\",\"@id\":\"https:\\\/\\\/www.szs-kamien.pl\\\/#organization\",\"name\":\"szs-kamien\",\"url\":\"https:\\\/\\\/www.szs-kamien.pl\\\/\",\"logo\":{\"@type\":\"ImageObject\",\"inLanguage\":\"pl-PL\",\"@id\":\"https:\\\/\\\/www.szs-kamien.pl\\\/#\\\/schema\\\/logo\\\/image\\\/\",\"url\":\"https:\\\/\\\/www.szs-kamien.pl\\\/wp-content\\\/uploads\\\/2025\\\/01\\\/logo_szs1-e1745408005616.png\",\"contentUrl\":\"https:\\\/\\\/www.szs-kamien.pl\\\/wp-content\\\/uploads\\\/2025\\\/01\\\/logo_szs1-e1745408005616.png\",\"width\":1671,\"height\":1630,\"caption\":\"szs-kamien\"},\"image\":{\"@id\":\"https:\\\/\\\/www.szs-kamien.pl\\\/#\\\/schema\\\/logo\\\/image\\\/\"}}]}<\/script>\n<!-- \/ Yoast SEO plugin. -->","yoast_head_json":{"title":"XV Walny Zjazd Delegat\u00f3w - szs-kamien","robots":{"index":"index","follow":"follow","max-snippet":"max-snippet:-1","max-image-preview":"max-image-preview:large","max-video-preview":"max-video-preview:-1"},"canonical":"https:\/\/www.szs-kamien.pl\/?page_id=364","og_locale":"pl_PL","og_type":"article","og_title":"XV Walny Zjazd Delegat\u00f3w - szs-kamien","og_description":"XI Walny Zjazd Delegat\u00f3w Regulamin obrad Regulamin wybor\u00f3w XI Walnego Zjazdu Delegat\u00f3w (projekt) Tezy na XV Zjazd Projekt umowy partnerskiej","og_url":"https:\/\/www.szs-kamien.pl\/?page_id=364","og_site_name":"szs-kamien","article_modified_time":"2025-04-27T20:08:09+00:00","twitter_card":"summary_large_image","twitter_misc":{"Szacowany czas czytania":"1 minuta"},"schema":{"@context":"https:\/\/schema.org","@graph":[{"@type":"WebPage","@id":"https:\/\/www.szs-kamien.pl\/?page_id=364","url":"https:\/\/www.szs-kamien.pl\/?page_id=364","name":"XV Walny Zjazd Delegat\u00f3w - szs-kamien","isPartOf":{"@id":"https:\/\/www.szs-kamien.pl\/#website"},"datePublished":"2024-12-15T09:03:16+00:00","dateModified":"2025-04-27T20:08:09+00:00","breadcrumb":{"@id":"https:\/\/www.szs-kamien.pl\/?page_id=364#breadcrumb"},"inLanguage":"pl-PL","potentialAction":[{"@type":"ReadAction","target":["https:\/\/www.szs-kamien.pl\/?page_id=364"]}]},{"@type":"BreadcrumbList","@id":"https:\/\/www.szs-kamien.pl\/?page_id=364#breadcrumb","itemListElement":[{"@type":"ListItem","position":1,"name":"Strona g\u0142\u00f3wna","item":"https:\/\/www.szs-kamien.pl\/"},{"@type":"ListItem","position":2,"name":"ZWI\u0104ZEK","item":"https:\/\/www.szs-kamien.pl\/?page_id=26"},{"@type":"ListItem","position":3,"name":"ZJAZDY DELEGAT\u00d3W","item":"https:\/\/www.szs-kamien.pl\/?page_id=203"},{"@type":"ListItem","position":4,"name":"XV Walny Zjazd Delegat\u00f3w"}]},{"@type":"WebSite","@id":"https:\/\/www.szs-kamien.pl\/#website","url":"https:\/\/www.szs-kamien.pl\/","name":"szs-kamien","description":"Kolejna witryna WordPress","publisher":{"@id":"https:\/\/www.szs-kamien.pl\/#organization"},"potentialAction":[{"@type":"SearchAction","target":{"@type":"EntryPoint","urlTemplate":"https:\/\/www.szs-kamien.pl\/?s={search_term_string}"},"query-input":{"@type":"PropertyValueSpecification","valueRequired":true,"valueName":"search_term_string"}}],"inLanguage":"pl-PL"},{"@type":"Organization","@id":"https:\/\/www.szs-kamien.pl\/#organization","name":"szs-kamien","url":"https:\/\/www.szs-kamien.pl\/","logo":{"@type":"ImageObject","inLanguage":"pl-PL","@id":"https:\/\/www.szs-kamien.pl\/#\/schema\/logo\/image\/","url":"https:\/\/www.szs-kamien.pl\/wp-content\/uploads\/2025\/01\/logo_szs1-e1745408005616.png","contentUrl":"https:\/\/www.szs-kamien.pl\/wp-content\/uploads\/2025\/01\/logo_szs1-e1745408005616.png","width":1671,"height":1630,"caption":"szs-kamien"},"image":{"@id":"https:\/\/www.szs-kamien.pl\/#\/schema\/logo\/image\/"}}]}},"_links":{"self":[{"href":"https:\/\/www.szs-kamien.pl\/index.php?rest_route=\/wp\/v2\/pages\/364","targetHints":{"allow":["GET"]}}],"collection":[{"href":"https:\/\/www.szs-kamien.pl\/index.php?rest_route=\/wp\/v2\/pages"}],"about":[{"href":"https:\/\/www.szs-kamien.pl\/index.php?rest_route=\/wp\/v2\/types\/page"}],"author":[{"embeddable":true,"href":"https:\/\/www.szs-kamien.pl\/index.php?rest_route=\/wp\/v2\/users\/1"}],"replies":[{"embeddable":true,"href":"https:\/\/www.szs-kamien.pl\/index.php?rest_route=%2Fwp%2Fv2%2Fcomments&post=364"}],"version-history":[{"count":3,"href":"https:\/\/www.szs-kamien.pl\/index.php?rest_route=\/wp\/v2\/pages\/364\/revisions"}],"predecessor-version":[{"id":2136,"href":"https:\/\/www.szs-kamien.pl\/index.php?rest_route=\/wp\/v2\/pages\/364\/revisions\/2136"}],"up":[{"embeddable":true,"href":"https:\/\/www.szs-kamien.pl\/index.php?rest_route=\/wp\/v2\/pages\/203"}],"wp:attachment":[{"href":"https:\/\/www.szs-kamien.pl\/index.php?rest_route=%2Fwp%2Fv2%2Fmedia&parent=364"}],"curies":[{"name":"wp","href":"https:\/\/api.w.org\/{rel}","templated":true}]}}